{"id":3897,"date":"2024-07-24T15:15:16","date_gmt":"2024-07-24T15:15:16","guid":{"rendered":"https:\/\/e3media.mx\/proyectos\/todoparasuobra\/?post_type=product&#038;p=3897"},"modified":"2024-07-24T15:15:16","modified_gmt":"2024-07-24T15:15:16","slug":"cal-incalpa","status":"publish","type":"product","link":"https:\/\/e3media.mx\/proyectos\/todoparasuobra\/producto\/cal-incalpa\/","title":{"rendered":"Cal Incalpa"},"content":{"rendered":"<p>Qu\u00edmico natural indispensable en la preparaci\u00f3n de morteros para alba\u00f1iler\u00eda su uso en la construcci\u00f3n va desde el desarrollo de cimientos paredes de ladrillo y block aplanados de muros interiores y exteriores as\u00ed como en construcci\u00f3n de pisos y techos. Caracter\u00edsticas generales: impermeabilizante: por sus propiedades de absorci\u00f3n y retenci\u00f3n de aguapinturas: agregando colorantes para concreto retarda el fraguado inicial.<\/p>\n","protected":false},"excerpt":{"rendered":"<p>Qu\u00edmico natural indispensable en la preparaci\u00f3n de morteros para alba\u00f1iler\u00eda su uso en la construcci\u00f3n va desde el desarrollo de cimientos paredes de ladrillo y block aplanados de muros interiores y exteriores as\u00ed como en construcci\u00f3n de pisos y techos. Caracter\u00edsticas generales: impermeabilizante: por sus propiedades de absorci\u00f3n y retenci\u00f3n de aguapinturas: agregando colorantes para&#8230;<\/p>\n","protected":false},"featured_media":3898,"template":"","meta":[],"product_cat":[59],"product_tag":[],"class_list":{"0":"post-3897","1":"product","2":"type-product","3":"status-publish","4":"has-post-thumbnail","6":"product_cat-polvos-y-adeshivos","8":"first","9":"instock","10":"shipping-taxable","11":"product-type-simple"},"_links":{"self":[{"href":"https:\/\/e3media.mx\/proyectos\/todoparasuobra\/wp-json\/wp\/v2\/product\/3897","targetHints":{"allow":["GET"]}}],"collection":[{"href":"https:\/\/e3media.mx\/proyectos\/todoparasuobra\/wp-json\/wp\/v2\/product"}],"about":[{"href":"https:\/\/e3media.mx\/proyectos\/todoparasuobra\/wp-json\/wp\/v2\/types\/product"}],"version-history":[{"count":1,"href":"https:\/\/e3media.mx\/proyectos\/todoparasuobra\/wp-json\/wp\/v2\/product\/3897\/revisions"}],"predecessor-version":[{"id":3899,"href":"https:\/\/e3media.mx\/proyectos\/todoparasuobra\/wp-json\/wp\/v2\/product\/3897\/revisions\/3899"}],"wp:featuredmedia":[{"embeddable":true,"href":"https:\/\/e3media.mx\/proyectos\/todoparasuobra\/wp-json\/wp\/v2\/media\/3898"}],"wp:attachment":[{"href":"https:\/\/e3media.mx\/proyectos\/todoparasuobra\/wp-json\/wp\/v2\/media?parent=3897"}],"wp:term":[{"taxonomy":"product_cat","embeddable":true,"href":"https:\/\/e3media.mx\/proyectos\/todoparasuobra\/wp-json\/wp\/v2\/product_cat?post=3897"},{"taxonomy":"product_tag","embeddable":true,"href":"https:\/\/e3media.mx\/proyectos\/todoparasuobra\/wp-json\/wp\/v2\/product_tag?post=3897"}],"curies":[{"name":"wp","href":"https:\/\/api.w.org\/{rel}","templated":true}]}}