{"id":3894,"date":"2024-07-24T15:11:51","date_gmt":"2024-07-24T15:11:51","guid":{"rendered":"https:\/\/e3media.mx\/proyectos\/todoparasuobra\/?post_type=product&#038;p=3894"},"modified":"2024-07-24T16:26:42","modified_gmt":"2024-07-24T16:26:42","slug":"mortero-moctezuma","status":"publish","type":"product","link":"https:\/\/e3media.mx\/proyectos\/todoparasuobra\/producto\/mortero-moctezuma\/","title":{"rendered":"Mortero Moctezuma"},"content":{"rendered":"<p>Es un producto para trabajos de alba\u00f1iler\u00eda, cumple con todas las especificaciones de calidad establecidas en la Norma Mexicana <strong>NMX-C-021-ONNCCE<\/strong>-(VIGENTE).<\/p>\n<p>El Cemento para Alba\u00f1iler\u00eda, Mortero Moctezuma, es adecuado para cualquier tipo de obra donde no se requieran elevadas resistencias a la compresi\u00f3n; sino tan s\u00f3lo propiedades ligantes, trabajabilidad, adhesividad, plasticidad y retenci\u00f3n de agua. Es recomendado para la construcci\u00f3n de plantillas, cimentaciones de mamposter\u00eda, pegado y junteo de block y ladrillos, aplanados (enjarres y zarpeos) de muros; as\u00ed como pisos y firmes.<\/p>\n<p><strong>No utilizar para la construcci\u00f3n de elementos estructurales.<\/strong><\/p>\n<p><strong>Recomendaciones<\/strong><\/p>\n<ul class=\"list list-arrow\">\n<li>Utiliza arena, grava y agua limpias (libres de aceites, grasas, arcilla y materia org\u00e1nica)<\/li>\n<li>Prepara la mezcla necesaria para trabajar un m\u00e1ximo de 2 horas<\/li>\n<li>Humedece todos aquellos elementos con alta absorci\u00f3n (tabiques, losetas de barro, bases firmes, etc.)<\/li>\n<li>Incorpora el mortero a la arena en seco, hasta obtener una mezcla homog\u00e9nea<\/li>\n<li>Prepara el mortero midiendo la arena seca con un bote alcoholero de 18 litros<\/li>\n<li>Utiliza el mortero en las primeras dos horas despu\u00e9s de haberlo preparado, y no rebatas ni agregues m\u00e1s agua una vez iniciado el fraguado (endurecimiento) porque perder\u00e1 resistencia<\/li>\n<li>Cuida la dosificaci\u00f3n indicada en la tabla de proporciones; as\u00ed como el mezclado<\/li>\n<\/ul>\n<p>El Mortero Moctezuma le dar\u00e1 forma y consistencia a tu construcci\u00f3n. En Cementos Moctezuma te damos texturas m\u00e1s tersas y acabados m\u00e1s uniformes.<\/p>\n<p><strong>Instrucciones<\/strong><\/p>\n<p>Utiliza arena y grava densas que dar\u00e1n m\u00e1s resistencia a tu construcci\u00f3n. Evita basura, aceite y finos indeseables, dado que provocan agrietamientos y bajas resistencias.<\/p>\n","protected":false},"excerpt":{"rendered":"<p>Es un producto para trabajos de alba\u00f1iler\u00eda, cumple con todas las especificaciones de calidad establecidas en la Norma Mexicana NMX-C-021-ONNCCE-(VIGENTE). El Cemento para Alba\u00f1iler\u00eda, Mortero Moctezuma, es adecuado para cualquier tipo de obra donde no se requieran elevadas resistencias a la compresi\u00f3n; sino tan s\u00f3lo propiedades ligantes, trabajabilidad, adhesividad, plasticidad y retenci\u00f3n de agua. Es&#8230;<\/p>\n","protected":false},"featured_media":3924,"template":"","meta":[],"product_cat":[59],"product_tag":[],"class_list":{"0":"post-3894","1":"product","2":"type-product","3":"status-publish","4":"has-post-thumbnail","6":"product_cat-polvos-y-adeshivos","8":"first","9":"instock","10":"shipping-taxable","11":"product-type-simple"},"_links":{"self":[{"href":"https:\/\/e3media.mx\/proyectos\/todoparasuobra\/wp-json\/wp\/v2\/product\/3894","targetHints":{"allow":["GET"]}}],"collection":[{"href":"https:\/\/e3media.mx\/proyectos\/todoparasuobra\/wp-json\/wp\/v2\/product"}],"about":[{"href":"https:\/\/e3media.mx\/proyectos\/todoparasuobra\/wp-json\/wp\/v2\/types\/product"}],"version-history":[{"count":1,"href":"https:\/\/e3media.mx\/proyectos\/todoparasuobra\/wp-json\/wp\/v2\/product\/3894\/revisions"}],"predecessor-version":[{"id":3896,"href":"https:\/\/e3media.mx\/proyectos\/todoparasuobra\/wp-json\/wp\/v2\/product\/3894\/revisions\/3896"}],"wp:featuredmedia":[{"embeddable":true,"href":"https:\/\/e3media.mx\/proyectos\/todoparasuobra\/wp-json\/wp\/v2\/media\/3924"}],"wp:attachment":[{"href":"https:\/\/e3media.mx\/proyectos\/todoparasuobra\/wp-json\/wp\/v2\/media?parent=3894"}],"wp:term":[{"taxonomy":"product_cat","embeddable":true,"href":"https:\/\/e3media.mx\/proyectos\/todoparasuobra\/wp-json\/wp\/v2\/product_cat?post=3894"},{"taxonomy":"product_tag","embeddable":true,"href":"https:\/\/e3media.mx\/proyectos\/todoparasuobra\/wp-json\/wp\/v2\/product_tag?post=3894"}],"curies":[{"name":"wp","href":"https:\/\/api.w.org\/{rel}","templated":true}]}}