{"id":3891,"date":"2024-07-24T15:10:47","date_gmt":"2024-07-24T15:10:47","guid":{"rendered":"https:\/\/e3media.mx\/proyectos\/todoparasuobra\/?post_type=product&#038;p=3891"},"modified":"2024-07-24T15:10:48","modified_gmt":"2024-07-24T15:10:48","slug":"mortero-fortaleza","status":"publish","type":"product","link":"https:\/\/e3media.mx\/proyectos\/todoparasuobra\/producto\/mortero-fortaleza\/","title":{"rendered":"Mortero Fortaleza"},"content":{"rendered":"<p>El Cemento de alba\u00f1iler\u00eda, conocido tambi\u00e9n como mortero, es el producto adecuado para trabajos de alba\u00f1iler\u00eda relacionados con la industria de la construcci\u00f3n, no debe usarse en elementos estructurales.<\/p>\n<p>El\u00a0<strong>Mortero Fortaleza<\/strong>\u00a0es utilizado exitosamente en trabajos de alba\u00f1iler\u00eda como los siguientes:<\/p>\n<ul>\n<li>Junteo de piezas de mamposter\u00eda como: ladrillos, tabiques, tabicones, bloques de concreto.<\/li>\n<li>Aplanado o repello de muros.<\/li>\n<li>Pegado de piedra braza en cimentaciones y muros de contenci\u00f3n.<\/li>\n<li>Entortados para dar pendientes y renivelaciones.<\/li>\n<li>Plantillas para desplante.<\/li>\n<li>Firmes con mezclas mejoradas con gravilla.<\/li>\n<li>Base para empedrados.<\/li>\n<\/ul>\n","protected":false},"excerpt":{"rendered":"<p>El Cemento de alba\u00f1iler\u00eda, conocido tambi\u00e9n como mortero, es el producto adecuado para trabajos de alba\u00f1iler\u00eda relacionados con la industria de la construcci\u00f3n, no debe usarse en elementos estructurales. El\u00a0Mortero Fortaleza\u00a0es utilizado exitosamente en trabajos de alba\u00f1iler\u00eda como los siguientes: Junteo de piezas de mamposter\u00eda como: ladrillos, tabiques, tabicones, bloques de concreto. Aplanado o repello&#8230;<\/p>\n","protected":false},"featured_media":3892,"template":"","meta":[],"product_cat":[59],"product_tag":[],"class_list":{"0":"post-3891","1":"product","2":"type-product","3":"status-publish","4":"has-post-thumbnail","6":"product_cat-polvos-y-adeshivos","8":"first","9":"instock","10":"shipping-taxable","11":"product-type-simple"},"_links":{"self":[{"href":"https:\/\/e3media.mx\/proyectos\/todoparasuobra\/wp-json\/wp\/v2\/product\/3891","targetHints":{"allow":["GET"]}}],"collection":[{"href":"https:\/\/e3media.mx\/proyectos\/todoparasuobra\/wp-json\/wp\/v2\/product"}],"about":[{"href":"https:\/\/e3media.mx\/proyectos\/todoparasuobra\/wp-json\/wp\/v2\/types\/product"}],"version-history":[{"count":1,"href":"https:\/\/e3media.mx\/proyectos\/todoparasuobra\/wp-json\/wp\/v2\/product\/3891\/revisions"}],"predecessor-version":[{"id":3893,"href":"https:\/\/e3media.mx\/proyectos\/todoparasuobra\/wp-json\/wp\/v2\/product\/3891\/revisions\/3893"}],"wp:featuredmedia":[{"embeddable":true,"href":"https:\/\/e3media.mx\/proyectos\/todoparasuobra\/wp-json\/wp\/v2\/media\/3892"}],"wp:attachment":[{"href":"https:\/\/e3media.mx\/proyectos\/todoparasuobra\/wp-json\/wp\/v2\/media?parent=3891"}],"wp:term":[{"taxonomy":"product_cat","embeddable":true,"href":"https:\/\/e3media.mx\/proyectos\/todoparasuobra\/wp-json\/wp\/v2\/product_cat?post=3891"},{"taxonomy":"product_tag","embeddable":true,"href":"https:\/\/e3media.mx\/proyectos\/todoparasuobra\/wp-json\/wp\/v2\/product_tag?post=3891"}],"curies":[{"name":"wp","href":"https:\/\/api.w.org\/{rel}","templated":true}]}}