{"id":3885,"date":"2024-07-24T15:06:28","date_gmt":"2024-07-24T15:06:28","guid":{"rendered":"https:\/\/e3media.mx\/proyectos\/todoparasuobra\/?post_type=product&#038;p=3885"},"modified":"2024-07-24T16:27:31","modified_gmt":"2024-07-24T16:27:31","slug":"cemento-blanco-moctezuma","status":"publish","type":"product","link":"https:\/\/e3media.mx\/proyectos\/todoparasuobra\/producto\/cemento-blanco-moctezuma\/","title":{"rendered":"Cemento Blanco Moctezuma"},"content":{"rendered":"<p>Cemento Portland Ordinario, Clase 30 R B, cumple con las especificaciones de calidad establecidas en la Norma Mexicana\u00a0<strong>NMX-C-414-ONNCCE<\/strong>-(VIGENTE).<\/p>\n<p>El Cemento Portland Ordinario, Clase Resistente 30 color Blanco CPO 30 R B, es un cemento de gran versatilidad, el cual es ideal en la elaboraci\u00f3n y construcci\u00f3n de:<\/p>\n<ul class=\"list list-unstyled list-mark\">\n<li>Obras arquitect\u00f3nicas<\/li>\n<li>Concreto ornamental<\/li>\n<li>Pegado de azulejos<\/li>\n<li>Recubrimientos<\/li>\n<li>Tambi\u00e9n es utilizable para la fabricaci\u00f3n de pegazulejo<\/li>\n<\/ul>\n<p>Su color blanco logra mayor luminosidad y adem\u00e1s permite coloraci\u00f3n, adicionando los pigmentos adecuados.<\/p>\n<p>Producido bajo un estricto control de calidad utilizando equipo y tecnolog\u00eda de punta, garantizando as\u00ed una alta uniformidad del cemento.<\/p>\n","protected":false},"excerpt":{"rendered":"<p>Cemento Portland Ordinario, Clase 30 R B, cumple con las especificaciones de calidad establecidas en la Norma Mexicana\u00a0NMX-C-414-ONNCCE-(VIGENTE). El Cemento Portland Ordinario, Clase Resistente 30 color Blanco CPO 30 R B, es un cemento de gran versatilidad, el cual es ideal en la elaboraci\u00f3n y construcci\u00f3n de: Obras arquitect\u00f3nicas Concreto ornamental Pegado de azulejos Recubrimientos&#8230;<\/p>\n","protected":false},"featured_media":3925,"template":"","meta":[],"product_cat":[59],"product_tag":[],"class_list":{"0":"post-3885","1":"product","2":"type-product","3":"status-publish","4":"has-post-thumbnail","6":"product_cat-polvos-y-adeshivos","8":"first","9":"instock","10":"shipping-taxable","11":"product-type-simple"},"_links":{"self":[{"href":"https:\/\/e3media.mx\/proyectos\/todoparasuobra\/wp-json\/wp\/v2\/product\/3885","targetHints":{"allow":["GET"]}}],"collection":[{"href":"https:\/\/e3media.mx\/proyectos\/todoparasuobra\/wp-json\/wp\/v2\/product"}],"about":[{"href":"https:\/\/e3media.mx\/proyectos\/todoparasuobra\/wp-json\/wp\/v2\/types\/product"}],"version-history":[{"count":1,"href":"https:\/\/e3media.mx\/proyectos\/todoparasuobra\/wp-json\/wp\/v2\/product\/3885\/revisions"}],"predecessor-version":[{"id":3887,"href":"https:\/\/e3media.mx\/proyectos\/todoparasuobra\/wp-json\/wp\/v2\/product\/3885\/revisions\/3887"}],"wp:featuredmedia":[{"embeddable":true,"href":"https:\/\/e3media.mx\/proyectos\/todoparasuobra\/wp-json\/wp\/v2\/media\/3925"}],"wp:attachment":[{"href":"https:\/\/e3media.mx\/proyectos\/todoparasuobra\/wp-json\/wp\/v2\/media?parent=3885"}],"wp:term":[{"taxonomy":"product_cat","embeddable":true,"href":"https:\/\/e3media.mx\/proyectos\/todoparasuobra\/wp-json\/wp\/v2\/product_cat?post=3885"},{"taxonomy":"product_tag","embeddable":true,"href":"https:\/\/e3media.mx\/proyectos\/todoparasuobra\/wp-json\/wp\/v2\/product_tag?post=3885"}],"curies":[{"name":"wp","href":"https:\/\/api.w.org\/{rel}","templated":true}]}}