{"id":3876,"date":"2024-07-24T14:57:04","date_gmt":"2024-07-24T14:57:04","guid":{"rendered":"https:\/\/e3media.mx\/proyectos\/todoparasuobra\/?post_type=product&#038;p=3876"},"modified":"2024-07-24T16:27:59","modified_gmt":"2024-07-24T16:27:59","slug":"cemento-gris-moctezuma","status":"publish","type":"product","link":"https:\/\/e3media.mx\/proyectos\/todoparasuobra\/producto\/cemento-gris-moctezuma\/","title":{"rendered":"Cemento Gris Moctezuma"},"content":{"rendered":"<p>El Cemento Moctezuma CPC 30 R es adecuado para cualquier tipo de obra donde se requiera resistencia r\u00e1pida, construcci\u00f3n de estructuras (losas, columnas, trabes, cimientos, zapatas, pisos, castillos, dalas, etc.) y fabricaci\u00f3n de productos de concreto (blocks, adoquines, tabicones, tanques y canales para uso de aguas no residuales, etc.).<\/p>\n","protected":false},"excerpt":{"rendered":"<p>El Cemento Moctezuma CPC 30 R es adecuado para cualquier tipo de obra donde se requiera resistencia r\u00e1pida, construcci\u00f3n de estructuras (losas, columnas, trabes, cimientos, zapatas, pisos, castillos, dalas, etc.) y fabricaci\u00f3n de productos de concreto (blocks, adoquines, tabicones, tanques y canales para uso de aguas no residuales, etc.).<\/p>\n","protected":false},"featured_media":3926,"template":"","meta":[],"product_cat":[59],"product_tag":[],"class_list":{"0":"post-3876","1":"product","2":"type-product","3":"status-publish","4":"has-post-thumbnail","6":"product_cat-polvos-y-adeshivos","8":"first","9":"instock","10":"shipping-taxable","11":"product-type-simple"},"_links":{"self":[{"href":"https:\/\/e3media.mx\/proyectos\/todoparasuobra\/wp-json\/wp\/v2\/product\/3876","targetHints":{"allow":["GET"]}}],"collection":[{"href":"https:\/\/e3media.mx\/proyectos\/todoparasuobra\/wp-json\/wp\/v2\/product"}],"about":[{"href":"https:\/\/e3media.mx\/proyectos\/todoparasuobra\/wp-json\/wp\/v2\/types\/product"}],"version-history":[{"count":1,"href":"https:\/\/e3media.mx\/proyectos\/todoparasuobra\/wp-json\/wp\/v2\/product\/3876\/revisions"}],"predecessor-version":[{"id":3878,"href":"https:\/\/e3media.mx\/proyectos\/todoparasuobra\/wp-json\/wp\/v2\/product\/3876\/revisions\/3878"}],"wp:featuredmedia":[{"embeddable":true,"href":"https:\/\/e3media.mx\/proyectos\/todoparasuobra\/wp-json\/wp\/v2\/media\/3926"}],"wp:attachment":[{"href":"https:\/\/e3media.mx\/proyectos\/todoparasuobra\/wp-json\/wp\/v2\/media?parent=3876"}],"wp:term":[{"taxonomy":"product_cat","embeddable":true,"href":"https:\/\/e3media.mx\/proyectos\/todoparasuobra\/wp-json\/wp\/v2\/product_cat?post=3876"},{"taxonomy":"product_tag","embeddable":true,"href":"https:\/\/e3media.mx\/proyectos\/todoparasuobra\/wp-json\/wp\/v2\/product_tag?post=3876"}],"curies":[{"name":"wp","href":"https:\/\/api.w.org\/{rel}","templated":true}]}}