{"id":3870,"date":"2024-07-24T14:50:12","date_gmt":"2024-07-24T14:50:12","guid":{"rendered":"https:\/\/e3media.mx\/proyectos\/todoparasuobra\/?post_type=product&#038;p=3870"},"modified":"2024-07-24T14:50:12","modified_gmt":"2024-07-24T14:50:12","slug":"cemento-gris-tolteca","status":"publish","type":"product","link":"https:\/\/e3media.mx\/proyectos\/todoparasuobra\/producto\/cemento-gris-tolteca\/","title":{"rendered":"Cemento Gris Tolteca"},"content":{"rendered":"<p>Dise\u00f1ado especialmente para reducir la aparici\u00f3n de grietas generadas por contracci\u00f3n pl\u00e1stica hasta en un 80%. Brinda a la mezclas mayor cohesi\u00f3n adherencia y trabajabilidad a\u00fan con agregados dif\u00edciles. Permite que tanto la arena la grava el cemento y el agua se mantengan unidos dentro de la masa de concreto evitando la segregaci\u00f3n y sangrado en exceso lo que facilita los procesos de preparaci\u00f3n colocaci\u00f3n y curado.<\/p>\n","protected":false},"excerpt":{"rendered":"<p>Dise\u00f1ado especialmente para reducir la aparici\u00f3n de grietas generadas por contracci\u00f3n pl\u00e1stica hasta en un 80%. Brinda a la mezclas mayor cohesi\u00f3n adherencia y trabajabilidad a\u00fan con agregados dif\u00edciles. Permite que tanto la arena la grava el cemento y el agua se mantengan unidos dentro de la masa de concreto evitando la segregaci\u00f3n y sangrado&#8230;<\/p>\n","protected":false},"featured_media":3871,"template":"","meta":[],"product_cat":[59],"product_tag":[],"class_list":{"0":"post-3870","1":"product","2":"type-product","3":"status-publish","4":"has-post-thumbnail","6":"product_cat-polvos-y-adeshivos","8":"first","9":"instock","10":"shipping-taxable","11":"product-type-simple"},"_links":{"self":[{"href":"https:\/\/e3media.mx\/proyectos\/todoparasuobra\/wp-json\/wp\/v2\/product\/3870","targetHints":{"allow":["GET"]}}],"collection":[{"href":"https:\/\/e3media.mx\/proyectos\/todoparasuobra\/wp-json\/wp\/v2\/product"}],"about":[{"href":"https:\/\/e3media.mx\/proyectos\/todoparasuobra\/wp-json\/wp\/v2\/types\/product"}],"version-history":[{"count":1,"href":"https:\/\/e3media.mx\/proyectos\/todoparasuobra\/wp-json\/wp\/v2\/product\/3870\/revisions"}],"predecessor-version":[{"id":3872,"href":"https:\/\/e3media.mx\/proyectos\/todoparasuobra\/wp-json\/wp\/v2\/product\/3870\/revisions\/3872"}],"wp:featuredmedia":[{"embeddable":true,"href":"https:\/\/e3media.mx\/proyectos\/todoparasuobra\/wp-json\/wp\/v2\/media\/3871"}],"wp:attachment":[{"href":"https:\/\/e3media.mx\/proyectos\/todoparasuobra\/wp-json\/wp\/v2\/media?parent=3870"}],"wp:term":[{"taxonomy":"product_cat","embeddable":true,"href":"https:\/\/e3media.mx\/proyectos\/todoparasuobra\/wp-json\/wp\/v2\/product_cat?post=3870"},{"taxonomy":"product_tag","embeddable":true,"href":"https:\/\/e3media.mx\/proyectos\/todoparasuobra\/wp-json\/wp\/v2\/product_tag?post=3870"}],"curies":[{"name":"wp","href":"https:\/\/api.w.org\/{rel}","templated":true}]}}