{"id":3825,"date":"2024-07-24T14:17:43","date_gmt":"2024-07-24T14:17:43","guid":{"rendered":"https:\/\/e3media.mx\/proyectos\/todoparasuobra\/?post_type=product&#038;p=3825"},"modified":"2024-07-24T14:17:43","modified_gmt":"2024-07-24T14:17:43","slug":"panel-de-yeso-flex-rey-para-disenos-curvos-y-creativos","status":"publish","type":"product","link":"https:\/\/e3media.mx\/proyectos\/todoparasuobra\/producto\/panel-de-yeso-flex-rey-para-disenos-curvos-y-creativos\/","title":{"rendered":"Panel de Yeso Flex Rey: Para dise\u00f1os Curvos y Creativos"},"content":{"rendered":"<p>Un ligero, pr\u00e1ctico, econ\u00f3mico y f\u00e1cil de instalar, con mayor flexi\u00f3n que cualquier panel; especial para curvas y arcos.<\/p>\n<p>El panel de yeso \u00bc \u2018\u2019 Flex Rey de Panel Rey\u00ae es un producto consistente de un n\u00facleo incombustible hecho esencialmente de yeso, cubierto por ambos lados con papel 100% reciclado.<\/p>\n<p>El papel de la cara cubre las orillas del panel a todo lo largo para mayor fortalecimiento y protecci\u00f3n del n\u00facleo. Los extremos est\u00e1n cuidadosamente esmerilados en corte cuadrado y cuenta con borde biselado. No contienen asbesto.<\/p>\n","protected":false},"excerpt":{"rendered":"<p>Un ligero, pr\u00e1ctico, econ\u00f3mico y f\u00e1cil de instalar, con mayor flexi\u00f3n que cualquier panel; especial para curvas y arcos. El panel de yeso \u00bc \u2018\u2019 Flex Rey de Panel Rey\u00ae es un producto consistente de un n\u00facleo incombustible hecho esencialmente de yeso, cubierto por ambos lados con papel 100% reciclado. El papel de la cara&#8230;<\/p>\n","protected":false},"featured_media":3826,"template":"","meta":[],"product_cat":[55],"product_tag":[],"class_list":{"0":"post-3825","1":"product","2":"type-product","3":"status-publish","4":"has-post-thumbnail","6":"product_cat-construccion-ligera","8":"first","9":"instock","10":"shipping-taxable","11":"product-type-simple"},"_links":{"self":[{"href":"https:\/\/e3media.mx\/proyectos\/todoparasuobra\/wp-json\/wp\/v2\/product\/3825","targetHints":{"allow":["GET"]}}],"collection":[{"href":"https:\/\/e3media.mx\/proyectos\/todoparasuobra\/wp-json\/wp\/v2\/product"}],"about":[{"href":"https:\/\/e3media.mx\/proyectos\/todoparasuobra\/wp-json\/wp\/v2\/types\/product"}],"version-history":[{"count":1,"href":"https:\/\/e3media.mx\/proyectos\/todoparasuobra\/wp-json\/wp\/v2\/product\/3825\/revisions"}],"predecessor-version":[{"id":3827,"href":"https:\/\/e3media.mx\/proyectos\/todoparasuobra\/wp-json\/wp\/v2\/product\/3825\/revisions\/3827"}],"wp:featuredmedia":[{"embeddable":true,"href":"https:\/\/e3media.mx\/proyectos\/todoparasuobra\/wp-json\/wp\/v2\/media\/3826"}],"wp:attachment":[{"href":"https:\/\/e3media.mx\/proyectos\/todoparasuobra\/wp-json\/wp\/v2\/media?parent=3825"}],"wp:term":[{"taxonomy":"product_cat","embeddable":true,"href":"https:\/\/e3media.mx\/proyectos\/todoparasuobra\/wp-json\/wp\/v2\/product_cat?post=3825"},{"taxonomy":"product_tag","embeddable":true,"href":"https:\/\/e3media.mx\/proyectos\/todoparasuobra\/wp-json\/wp\/v2\/product_tag?post=3825"}],"curies":[{"name":"wp","href":"https:\/\/api.w.org\/{rel}","templated":true}]}}