{"id":3822,"date":"2024-07-24T14:16:24","date_gmt":"2024-07-24T14:16:24","guid":{"rendered":"https:\/\/e3media.mx\/proyectos\/todoparasuobra\/?post_type=product&#038;p=3822"},"modified":"2024-07-24T14:16:24","modified_gmt":"2024-07-24T14:16:24","slug":"panel-de-yeso-light-rey-el-mas-ligero","status":"publish","type":"product","link":"https:\/\/e3media.mx\/proyectos\/todoparasuobra\/producto\/panel-de-yeso-light-rey-el-mas-ligero\/","title":{"rendered":"Panel de Yeso Light Rey: El m\u00e1s ligero"},"content":{"rendered":"<p>Ligero, para cielos y muros. N\u00facleo incombustible de yeso. Cubierto con papel 100% reciclado. Extremos cuidadosamente esmerilados.<\/p>\n<p>Este producto cuenta con Certificacion Greenguard Gold por sus bajos niveles de VOC\u00b4s, amigables con el ser humano y el medio ambiente.<\/p>\n<p>El panel de yeso ligero Light Rey\u00ae consiste en un n\u00facleo incombustible hecho esencialmente de yeso, cubierto por ambos lados con papel 100% reciclado.<\/p>\n<p>El papel de la cara cubre las orillas biseladas del panel a todo lo largo, para mayor fortalecimiento y protecci\u00f3n del n\u00facleo. Los extremos est\u00e1n cuidadosamente esmerilados en corte cuadrado.<\/p>\n<p>El panel de yeso Light Rey\u00ae se ofrece en una variedad de longitudes y espesores est\u00e1ndares para su uso en la construcci\u00f3n.<\/p>\n","protected":false},"excerpt":{"rendered":"<p>Ligero, para cielos y muros. N\u00facleo incombustible de yeso. Cubierto con papel 100% reciclado. Extremos cuidadosamente esmerilados. Este producto cuenta con Certificacion Greenguard Gold por sus bajos niveles de VOC\u00b4s, amigables con el ser humano y el medio ambiente. El panel de yeso ligero Light Rey\u00ae consiste en un n\u00facleo incombustible hecho esencialmente de yeso,&#8230;<\/p>\n","protected":false},"featured_media":3823,"template":"","meta":[],"product_cat":[55],"product_tag":[],"class_list":{"0":"post-3822","1":"product","2":"type-product","3":"status-publish","4":"has-post-thumbnail","6":"product_cat-construccion-ligera","8":"first","9":"instock","10":"shipping-taxable","11":"product-type-simple"},"_links":{"self":[{"href":"https:\/\/e3media.mx\/proyectos\/todoparasuobra\/wp-json\/wp\/v2\/product\/3822","targetHints":{"allow":["GET"]}}],"collection":[{"href":"https:\/\/e3media.mx\/proyectos\/todoparasuobra\/wp-json\/wp\/v2\/product"}],"about":[{"href":"https:\/\/e3media.mx\/proyectos\/todoparasuobra\/wp-json\/wp\/v2\/types\/product"}],"version-history":[{"count":1,"href":"https:\/\/e3media.mx\/proyectos\/todoparasuobra\/wp-json\/wp\/v2\/product\/3822\/revisions"}],"predecessor-version":[{"id":3824,"href":"https:\/\/e3media.mx\/proyectos\/todoparasuobra\/wp-json\/wp\/v2\/product\/3822\/revisions\/3824"}],"wp:featuredmedia":[{"embeddable":true,"href":"https:\/\/e3media.mx\/proyectos\/todoparasuobra\/wp-json\/wp\/v2\/media\/3823"}],"wp:attachment":[{"href":"https:\/\/e3media.mx\/proyectos\/todoparasuobra\/wp-json\/wp\/v2\/media?parent=3822"}],"wp:term":[{"taxonomy":"product_cat","embeddable":true,"href":"https:\/\/e3media.mx\/proyectos\/todoparasuobra\/wp-json\/wp\/v2\/product_cat?post=3822"},{"taxonomy":"product_tag","embeddable":true,"href":"https:\/\/e3media.mx\/proyectos\/todoparasuobra\/wp-json\/wp\/v2\/product_tag?post=3822"}],"curies":[{"name":"wp","href":"https:\/\/api.w.org\/{rel}","templated":true}]}}