{"id":3816,"date":"2024-07-24T14:14:03","date_gmt":"2024-07-24T14:14:03","guid":{"rendered":"https:\/\/e3media.mx\/proyectos\/todoparasuobra\/?post_type=product&#038;p=3816"},"modified":"2024-07-24T14:14:03","modified_gmt":"2024-07-24T14:14:03","slug":"panel-de-yeso-guard-rey-resistente-a-la-humedad","status":"publish","type":"product","link":"https:\/\/e3media.mx\/proyectos\/todoparasuobra\/producto\/panel-de-yeso-guard-rey-resistente-a-la-humedad\/","title":{"rendered":"Panel de Yeso Guard Rey: Resistente a la Humedad"},"content":{"rendered":"<p>Panel resistente al crecimiento de moho, hongos y microorganismos, que limita la absorci\u00f3n de la humedad del medio ambiente.<\/p>\n<p>El panel de yeso Guard Rey est\u00e1 formado esencialmente por un n\u00facleo de yeso a prueba de fuego, tratado especialmente para ser impermeable y ha sido tratado con biocida para limitar el desarrollo de colonias de microorganismos.<\/p>\n<p>Est\u00e1\u00a0dise\u00f1ado para la aplicaci\u00f3n de diferentes acabados en \u00e1reas con una exposici\u00f3n limitada\u00a0a la humedad y donde se requiere protecci\u00f3n contra el crecimiento de moho, hongos y\u00a0microorganismos pat\u00f3genos como \u00e1reas de ba\u00f1os y duchas o detr\u00e1s de losetas. Est\u00e1 cubierto con papel 100% reciclado.<\/p>\n","protected":false},"excerpt":{"rendered":"<p>Panel resistente al crecimiento de moho, hongos y microorganismos, que limita la absorci\u00f3n de la humedad del medio ambiente. El panel de yeso Guard Rey est\u00e1 formado esencialmente por un n\u00facleo de yeso a prueba de fuego, tratado especialmente para ser impermeable y ha sido tratado con biocida para limitar el desarrollo de colonias de&#8230;<\/p>\n","protected":false},"featured_media":3817,"template":"","meta":[],"product_cat":[55],"product_tag":[],"class_list":{"0":"post-3816","1":"product","2":"type-product","3":"status-publish","4":"has-post-thumbnail","6":"product_cat-construccion-ligera","8":"first","9":"instock","10":"shipping-taxable","11":"product-type-simple"},"_links":{"self":[{"href":"https:\/\/e3media.mx\/proyectos\/todoparasuobra\/wp-json\/wp\/v2\/product\/3816","targetHints":{"allow":["GET"]}}],"collection":[{"href":"https:\/\/e3media.mx\/proyectos\/todoparasuobra\/wp-json\/wp\/v2\/product"}],"about":[{"href":"https:\/\/e3media.mx\/proyectos\/todoparasuobra\/wp-json\/wp\/v2\/types\/product"}],"version-history":[{"count":1,"href":"https:\/\/e3media.mx\/proyectos\/todoparasuobra\/wp-json\/wp\/v2\/product\/3816\/revisions"}],"predecessor-version":[{"id":3818,"href":"https:\/\/e3media.mx\/proyectos\/todoparasuobra\/wp-json\/wp\/v2\/product\/3816\/revisions\/3818"}],"wp:featuredmedia":[{"embeddable":true,"href":"https:\/\/e3media.mx\/proyectos\/todoparasuobra\/wp-json\/wp\/v2\/media\/3817"}],"wp:attachment":[{"href":"https:\/\/e3media.mx\/proyectos\/todoparasuobra\/wp-json\/wp\/v2\/media?parent=3816"}],"wp:term":[{"taxonomy":"product_cat","embeddable":true,"href":"https:\/\/e3media.mx\/proyectos\/todoparasuobra\/wp-json\/wp\/v2\/product_cat?post=3816"},{"taxonomy":"product_tag","embeddable":true,"href":"https:\/\/e3media.mx\/proyectos\/todoparasuobra\/wp-json\/wp\/v2\/product_tag?post=3816"}],"curies":[{"name":"wp","href":"https:\/\/api.w.org\/{rel}","templated":true}]}}