{"id":3791,"date":"2024-07-24T13:54:19","date_gmt":"2024-07-24T13:54:19","guid":{"rendered":"https:\/\/e3media.mx\/proyectos\/todoparasuobra\/?post_type=product&#038;p=3791"},"modified":"2024-07-24T13:54:19","modified_gmt":"2024-07-24T13:54:19","slug":"panel-w","status":"publish","type":"product","link":"https:\/\/e3media.mx\/proyectos\/todoparasuobra\/producto\/panel-w\/","title":{"rendered":"Panel W"},"content":{"rendered":"<p><strong>Premium poliuretano<\/strong><br \/>\nPara construcciones en zonas de sismos intensos, grandes empujes de viento y climas extremos.<\/p>\n<p><strong>Premium poliestireno<\/strong><br \/>\nPara construcciones en zonas de sismos intensos, grandes empujes de viento y climas templados.<\/p>\n<p><strong>Muro estructural<\/strong><br \/>\nPara construcciones en zonas de sismos intensos, empujes de viento moderados y climas templados.<\/p>\n<p><strong>Muro semi-estructural<\/strong><br \/>\nPara construcciones en zonas de sismos moderados, empujes de viento leves y climas templados.<\/p>\n<p><strong>Standard<\/strong><br \/>\nPara construcci\u00f3n de ampliaciones y remodelaciones expuestas a cargas estructurales m\u00ednimas.<\/p>\n<p><strong>Divisorio<\/strong><br \/>\nPara construcci\u00f3n de muros divisorios interiores o muros tap\u00f3n que requieran buen aislamiento t\u00e9rmico y ac\u00fastico.<\/p>\n<p><strong>Losa<\/strong><br \/>\nPara construcci\u00f3n de losas de entrepiso y azotea plana e inclinadas.<\/p>\n","protected":false},"excerpt":{"rendered":"<p>Premium poliuretano Para construcciones en zonas de sismos intensos, grandes empujes de viento y climas extremos. Premium poliestireno Para construcciones en zonas de sismos intensos, grandes empujes de viento y climas templados. Muro estructural Para construcciones en zonas de sismos intensos, empujes de viento moderados y climas templados. Muro semi-estructural Para construcciones en zonas de&#8230;<\/p>\n","protected":false},"featured_media":3792,"template":"","meta":[],"product_cat":[55],"product_tag":[],"class_list":{"0":"post-3791","1":"product","2":"type-product","3":"status-publish","4":"has-post-thumbnail","6":"product_cat-construccion-ligera","8":"first","9":"instock","10":"shipping-taxable","11":"product-type-simple"},"_links":{"self":[{"href":"https:\/\/e3media.mx\/proyectos\/todoparasuobra\/wp-json\/wp\/v2\/product\/3791","targetHints":{"allow":["GET"]}}],"collection":[{"href":"https:\/\/e3media.mx\/proyectos\/todoparasuobra\/wp-json\/wp\/v2\/product"}],"about":[{"href":"https:\/\/e3media.mx\/proyectos\/todoparasuobra\/wp-json\/wp\/v2\/types\/product"}],"version-history":[{"count":1,"href":"https:\/\/e3media.mx\/proyectos\/todoparasuobra\/wp-json\/wp\/v2\/product\/3791\/revisions"}],"predecessor-version":[{"id":3793,"href":"https:\/\/e3media.mx\/proyectos\/todoparasuobra\/wp-json\/wp\/v2\/product\/3791\/revisions\/3793"}],"wp:featuredmedia":[{"embeddable":true,"href":"https:\/\/e3media.mx\/proyectos\/todoparasuobra\/wp-json\/wp\/v2\/media\/3792"}],"wp:attachment":[{"href":"https:\/\/e3media.mx\/proyectos\/todoparasuobra\/wp-json\/wp\/v2\/media?parent=3791"}],"wp:term":[{"taxonomy":"product_cat","embeddable":true,"href":"https:\/\/e3media.mx\/proyectos\/todoparasuobra\/wp-json\/wp\/v2\/product_cat?post=3791"},{"taxonomy":"product_tag","embeddable":true,"href":"https:\/\/e3media.mx\/proyectos\/todoparasuobra\/wp-json\/wp\/v2\/product_tag?post=3791"}],"curies":[{"name":"wp","href":"https:\/\/api.w.org\/{rel}","templated":true}]}}