{"id":3787,"date":"2024-07-24T13:40:33","date_gmt":"2024-07-24T13:40:33","guid":{"rendered":"https:\/\/e3media.mx\/proyectos\/todoparasuobra\/?post_type=product&#038;p=3787"},"modified":"2024-07-24T13:40:33","modified_gmt":"2024-07-24T13:40:33","slug":"sonotubo","status":"publish","type":"product","link":"https:\/\/e3media.mx\/proyectos\/todoparasuobra\/producto\/sonotubo\/","title":{"rendered":"Sonotubo"},"content":{"rendered":"<p>El sonotubo \u2013 tubo para cimbra es un tubo fabricado con cart\u00f3n que se utiliza como t\u00e9cnica f\u00e1cil para el armado o cimbrado de columnas circulares hechas con hormig\u00f3n armado o concreto.<\/p>\n<p>Adem\u00e1s se fabrican en diversos di\u00e1metros que se ajustan a las necesidades de cada construcci\u00f3n mejorando el acabado y la facilidad de construcci\u00f3n con respecto al cimbrado tradicional de madera.<\/p>\n<h3>\u00bfC\u00f3mo esta fabricado el\u00a0sonotubo?<\/h3>\n<p>Est\u00e1 fabricado con cintas de cart\u00f3n que se van enrollando en forma de espiral generando diferentes espesores de las paredes de acuerdo a la cantidad de laminado que se generen con las capas.<\/p>\n<p>Este laminado se genera con alta presi\u00f3n y pegamentos especiales logrando que el tubo para cimbra alcance la dureza necesaria por lo tanto no genera no deformaciones al momento del colado.<\/p>\n<h3><span id=\"%C2%BFQue-diametros-existen-en-sonotubo\" class=\"ez-toc-section\"><\/span>\u00bfQu\u00e9 di\u00e1metros existen en\u00a0sonotubo?<\/h3>\n<p>Los tubos se construyen en varios di\u00e1metros ajust\u00e1ndose a las necesidades de cada construcci\u00f3n.<\/p>\n<p>Las medidas son de 10cm, 15cm, 20cm, 25cm, 30cm, 35cm, 40cm, 45cm, 50cm, 55cm, 60cm, 70cm, 80cm, 90cm, 100cm, 122cm.<\/p>\n<h3><span id=\"%C2%BFQue-longitudes-existen-en-sonotubo\" class=\"ez-toc-section\"><\/span>\u00bfQu\u00e9 longitudes existen en\u00a0sonotubo?<\/h3>\n<p>Los tubos se construyen en una medida est\u00e1ndar de 3 metros de longitud en todos los di\u00e1metros, adem\u00e1s de eso en ocasiones especiales pueden ser construidos en otras medidas.<\/p>\n<h3>\u00bfQu\u00e9 ventajas posee el sonotubo?<\/h3>\n<p>\u2022 Es mucho m\u00e1s econ\u00f3mico para la construcci\u00f3n de columnas.<br \/>\n\u2022 La estructura de cart\u00f3n ayuda a reducir los tiempos de construcci\u00f3n.<br \/>\n\u2022 La colocaci\u00f3n es sencilla.<br \/>\n\u2022 Se economiza en los aplanados.<br \/>\n\u2022 Es el m\u00e1s elegido por encima de la madera o el metal.<br \/>\n\u2022 Es resistente y no sufre deformaciones en el colado.<br \/>\n\u2022 Posee diferentes espesores.<br \/>\n\u2022 Existen en varios di\u00e1metros.<\/p>\n<p>El\u00a0<strong>sonotubo<\/strong>\u00a0es la opci\u00f3n m\u00e1s eficaz para la construcci\u00f3n de columna y ayuda a la reducci\u00f3n de tiempos y costos<\/p>\n","protected":false},"excerpt":{"rendered":"<p>El sonotubo \u2013 tubo para cimbra es un tubo fabricado con cart\u00f3n que se utiliza como t\u00e9cnica f\u00e1cil para el armado o cimbrado de columnas circulares hechas con hormig\u00f3n armado o concreto. Adem\u00e1s se fabrican en diversos di\u00e1metros que se ajustan a las necesidades de cada construcci\u00f3n mejorando el acabado y la facilidad de construcci\u00f3n&#8230;<\/p>\n","protected":false},"featured_media":3789,"template":"","meta":[],"product_cat":[55],"product_tag":[],"class_list":{"0":"post-3787","1":"product","2":"type-product","3":"status-publish","4":"has-post-thumbnail","6":"product_cat-construccion-ligera","8":"first","9":"instock","10":"shipping-taxable","11":"product-type-simple"},"_links":{"self":[{"href":"https:\/\/e3media.mx\/proyectos\/todoparasuobra\/wp-json\/wp\/v2\/product\/3787","targetHints":{"allow":["GET"]}}],"collection":[{"href":"https:\/\/e3media.mx\/proyectos\/todoparasuobra\/wp-json\/wp\/v2\/product"}],"about":[{"href":"https:\/\/e3media.mx\/proyectos\/todoparasuobra\/wp-json\/wp\/v2\/types\/product"}],"version-history":[{"count":1,"href":"https:\/\/e3media.mx\/proyectos\/todoparasuobra\/wp-json\/wp\/v2\/product\/3787\/revisions"}],"predecessor-version":[{"id":3790,"href":"https:\/\/e3media.mx\/proyectos\/todoparasuobra\/wp-json\/wp\/v2\/product\/3787\/revisions\/3790"}],"wp:featuredmedia":[{"embeddable":true,"href":"https:\/\/e3media.mx\/proyectos\/todoparasuobra\/wp-json\/wp\/v2\/media\/3789"}],"wp:attachment":[{"href":"https:\/\/e3media.mx\/proyectos\/todoparasuobra\/wp-json\/wp\/v2\/media?parent=3787"}],"wp:term":[{"taxonomy":"product_cat","embeddable":true,"href":"https:\/\/e3media.mx\/proyectos\/todoparasuobra\/wp-json\/wp\/v2\/product_cat?post=3787"},{"taxonomy":"product_tag","embeddable":true,"href":"https:\/\/e3media.mx\/proyectos\/todoparasuobra\/wp-json\/wp\/v2\/product_tag?post=3787"}],"curies":[{"name":"wp","href":"https:\/\/api.w.org\/{rel}","templated":true}]}}