{"id":3769,"date":"2024-07-24T13:19:45","date_gmt":"2024-07-24T13:19:45","guid":{"rendered":"https:\/\/e3media.mx\/proyectos\/todoparasuobra\/?post_type=product&#038;p=3769"},"modified":"2024-07-24T13:19:45","modified_gmt":"2024-07-24T13:19:45","slug":"arena-silica","status":"publish","type":"product","link":"https:\/\/e3media.mx\/proyectos\/todoparasuobra\/producto\/arena-silica\/","title":{"rendered":"Arena S\u00edlica"},"content":{"rendered":"<p>Venta de Arena Silica en Guadalajara, contamos con diferentes granulometr\u00edas y diferentes presentaciones.<\/p>\n<p>Arena para sand blast, Arena s\u00edlica para h\u00edpicos, arena para campos de golf, arena para cancha de futbol sint\u00e9tico, Arena para pasto sint\u00e9tico.<\/p>\n","protected":false},"excerpt":{"rendered":"<p>Venta de Arena Silica en Guadalajara, contamos con diferentes granulometr\u00edas y diferentes presentaciones. Arena para sand blast, Arena s\u00edlica para h\u00edpicos, arena para campos de golf, arena para cancha de futbol sint\u00e9tico, Arena para pasto sint\u00e9tico.<\/p>\n","protected":false},"featured_media":3770,"template":"","meta":[],"product_cat":[54],"product_tag":[],"class_list":{"0":"post-3769","1":"product","2":"type-product","3":"status-publish","4":"has-post-thumbnail","6":"product_cat-agregados","8":"first","9":"instock","10":"shipping-taxable","11":"product-type-simple"},"_links":{"self":[{"href":"https:\/\/e3media.mx\/proyectos\/todoparasuobra\/wp-json\/wp\/v2\/product\/3769","targetHints":{"allow":["GET"]}}],"collection":[{"href":"https:\/\/e3media.mx\/proyectos\/todoparasuobra\/wp-json\/wp\/v2\/product"}],"about":[{"href":"https:\/\/e3media.mx\/proyectos\/todoparasuobra\/wp-json\/wp\/v2\/types\/product"}],"version-history":[{"count":1,"href":"https:\/\/e3media.mx\/proyectos\/todoparasuobra\/wp-json\/wp\/v2\/product\/3769\/revisions"}],"predecessor-version":[{"id":3771,"href":"https:\/\/e3media.mx\/proyectos\/todoparasuobra\/wp-json\/wp\/v2\/product\/3769\/revisions\/3771"}],"wp:featuredmedia":[{"embeddable":true,"href":"https:\/\/e3media.mx\/proyectos\/todoparasuobra\/wp-json\/wp\/v2\/media\/3770"}],"wp:attachment":[{"href":"https:\/\/e3media.mx\/proyectos\/todoparasuobra\/wp-json\/wp\/v2\/media?parent=3769"}],"wp:term":[{"taxonomy":"product_cat","embeddable":true,"href":"https:\/\/e3media.mx\/proyectos\/todoparasuobra\/wp-json\/wp\/v2\/product_cat?post=3769"},{"taxonomy":"product_tag","embeddable":true,"href":"https:\/\/e3media.mx\/proyectos\/todoparasuobra\/wp-json\/wp\/v2\/product_tag?post=3769"}],"curies":[{"name":"wp","href":"https:\/\/api.w.org\/{rel}","templated":true}]}}