{"id":3766,"date":"2024-07-24T13:16:13","date_gmt":"2024-07-24T13:16:13","guid":{"rendered":"https:\/\/e3media.mx\/proyectos\/todoparasuobra\/?post_type=product&#038;p=3766"},"modified":"2024-07-24T13:16:13","modified_gmt":"2024-07-24T13:16:13","slug":"elite-bond","status":"publish","type":"product","link":"https:\/\/e3media.mx\/proyectos\/todoparasuobra\/producto\/elite-bond\/","title":{"rendered":"Elite Bond"},"content":{"rendered":"<p>Producto l\u00edquido semiviscoso de color blanco lechoso, formulado a partir de resinas acr\u00edlicas que adicionadas a la mezcla de concreto o mortero, le proporcionan caracter\u00edsticas de gran adhesividad. Cumple con la Norma ASTM C-1059 TIPO II<\/p>\n<h3>Usos<\/h3>\n<p>Para unir concreto nuevo a viejo, no sujeto a esfuerzo estructural.<br \/>\nPara adherir resanes en grietas, mamposter\u00eda y pisos, entre otros.<br \/>\nPara reforzar pastas texturizadas, mortero, yeso, tirol y pinturas, entre otros.<br \/>\nComo sellador de superficies para recibir acabados.<\/p>\n<h3>Ventajas<\/h3>\n<p>\u2022 Disminuye la permeabilidad de concretos y morteros.<br \/>\n\u2022 Aumenta la adhesividad de las mezclas.<br \/>\n\u2022 Evita juntas fr\u00edas en concretos reci\u00e9n colados.<br \/>\n\u2022 Mejora la adherencia en superficies para recibir acabados.<br \/>\n\u2022 Resiste la alcalinidad de morteros y concretos.<br \/>\n\u2022 No es t\u00f3xico ni flamable.<\/p>\n<h3>Aplicaci\u00f3n<\/h3>\n<p>Adhesivo\/Sellador<br \/>\nAplique una capa uniforme de material diluido 1 a 1 (PASA\u00ae Elite Bond : agua) con agua limpia sobre la superficie, mediante brocha, rodillo, o equipo de aspersi\u00f3n manual o neum\u00e1tico; a raz\u00f3n de 5 a 7 m2\/L a dos manos.<\/p>\n<p>Adhesivo integrados la mezcla<br \/>\nPara formular recubrimientos base cemento o yeso, aplanados, y lechadas, sustituya de 4 a 6 L de agua de mezcla por PASA\u00ae Elite Bond en cada saco de 50 kg de cemento o yeso.<\/p>\n<p>Adherente Concreto Nuevo\/Viejo<br \/>\nSustituya de 6 a 8 L de agua de mezcla por PASA\u00ae Elite Bond, por cada saco de 50 kg de cemento. Aplique una mano uniforme de PASA\u00ae Elite Bond diluido 2 a 1 con agua limpia, antes de que seque al tacto realice el vaciado de la mezcla reforzada con PASA\u00ae Elite Bond. Una vez hecha la mezcla, no agregue m\u00e1s agua.<\/p>\n<h3>Rendimiento<\/h3>\n<p>1 L rinde de 4 a 5 m2, a dos manos<\/p>\n<h3>Presentaci\u00f3n<\/h3>\n<p>\u2022 Tambor de 200 L<br \/>\n\u2022 Cubeta de 19 L<br \/>\n\u2022 Bote de 4 L<\/p>\n","protected":false},"excerpt":{"rendered":"<p>Producto l\u00edquido semiviscoso de color blanco lechoso, formulado a partir de resinas acr\u00edlicas que adicionadas a la mezcla de concreto o mortero, le proporcionan caracter\u00edsticas de gran adhesividad. Cumple con la Norma ASTM C-1059 TIPO II Usos Para unir concreto nuevo a viejo, no sujeto a esfuerzo estructural. Para adherir resanes en grietas, mamposter\u00eda y&#8230;<\/p>\n","protected":false},"featured_media":3767,"template":"","meta":[],"product_cat":[53],"product_tag":[],"class_list":{"0":"post-3766","1":"product","2":"type-product","3":"status-publish","4":"has-post-thumbnail","6":"product_cat-aditivos-morteros-e-impermebilizantes","8":"first","9":"instock","10":"shipping-taxable","11":"product-type-simple"},"_links":{"self":[{"href":"https:\/\/e3media.mx\/proyectos\/todoparasuobra\/wp-json\/wp\/v2\/product\/3766","targetHints":{"allow":["GET"]}}],"collection":[{"href":"https:\/\/e3media.mx\/proyectos\/todoparasuobra\/wp-json\/wp\/v2\/product"}],"about":[{"href":"https:\/\/e3media.mx\/proyectos\/todoparasuobra\/wp-json\/wp\/v2\/types\/product"}],"version-history":[{"count":1,"href":"https:\/\/e3media.mx\/proyectos\/todoparasuobra\/wp-json\/wp\/v2\/product\/3766\/revisions"}],"predecessor-version":[{"id":3768,"href":"https:\/\/e3media.mx\/proyectos\/todoparasuobra\/wp-json\/wp\/v2\/product\/3766\/revisions\/3768"}],"wp:featuredmedia":[{"embeddable":true,"href":"https:\/\/e3media.mx\/proyectos\/todoparasuobra\/wp-json\/wp\/v2\/media\/3767"}],"wp:attachment":[{"href":"https:\/\/e3media.mx\/proyectos\/todoparasuobra\/wp-json\/wp\/v2\/media?parent=3766"}],"wp:term":[{"taxonomy":"product_cat","embeddable":true,"href":"https:\/\/e3media.mx\/proyectos\/todoparasuobra\/wp-json\/wp\/v2\/product_cat?post=3766"},{"taxonomy":"product_tag","embeddable":true,"href":"https:\/\/e3media.mx\/proyectos\/todoparasuobra\/wp-json\/wp\/v2\/product_tag?post=3766"}],"curies":[{"name":"wp","href":"https:\/\/api.w.org\/{rel}","templated":true}]}}