{"id":3760,"date":"2024-07-24T13:12:47","date_gmt":"2024-07-24T13:12:47","guid":{"rendered":"https:\/\/e3media.mx\/proyectos\/todoparasuobra\/?post_type=product&#038;p=3760"},"modified":"2024-07-24T13:12:47","modified_gmt":"2024-07-24T13:12:47","slug":"adhebond","status":"publish","type":"product","link":"https:\/\/e3media.mx\/proyectos\/todoparasuobra\/producto\/adhebond\/","title":{"rendered":"Adhebond"},"content":{"rendered":"<p>Es un producto l\u00edquido de color blanco lechoso, formulado a partir de pol\u00edmeros en emulsi\u00f3n con propiedades de adhesividad. Cumple con la norma ASTM C-1059 TIPO I<\/p>\n<h3>Usos<\/h3>\n<p>Como sellador de superficies que van a recibir acabados.<br \/>\nComo aditivo adherente entre muros y aplanados de yeso o mezclas de cemento.<br \/>\nPara fortalecer pinturas econ\u00f3micas.<\/p>\n<h3>Ventajas<\/h3>\n<p>\u2022 De f\u00e1cil aplicaci\u00f3n y mezclado.<br \/>\n\u2022 Amplia versatilidad de usos en la construcci\u00f3n.<br \/>\n\u2022 Sella superficies porosas aumentando el rendimiento de las pinturas.<br \/>\n\u2022 Buena adherencia a la superficie tratada.<br \/>\n\u2022 Ayuda a evitar la tendencia a las fisuras.<br \/>\n\u2022 No es t\u00f3xico ni flamable.<\/p>\n<h3>Aplicaci\u00f3n<\/h3>\n<p>Adhesivo\/Sellador<br \/>\nAplique una capa uniforme de PASA\u00ae Adhebond diluido 1 a 1 (PASA\u00ae Adhebond : agua) sobre la superficie. Use brocha, rodillo o equipo de aspersi\u00f3n a raz\u00f3n de 6 a 8 m2\/L de diluci\u00f3n.<br \/>\nEn superficies muy porosas o absorbentes, es necesaria una segunda capa de PASA\u00ae Adhebond.<\/p>\n<p>Adhesivo integrado a la mezcla<br \/>\nPara formular recubrimientos base cemento o yeso, aplanados y lechadas, sustituya de 8 a 10 L de agua de mezcla por PASA\u00ae Adhebond en cada saco de 50 kg de cemento o yeso.<\/p>\n<p>Como fortificante de Pinturas<br \/>\nAgregar PASA\u00ae Adhebond m\u00e1ximo al 35% del volumen total de la pintura, y mezcle bien hasta homogenizar.<\/p>\n<h3>Rendimiento<\/h3>\n<p>1 L de mezcla rinde de 6 a 8 m2<\/p>\n<h3>Presentaci\u00f3n<\/h3>\n<p>\u2022 Tambor de 200 L<br \/>\n\u2022 Cubeta de 19 L<br \/>\n\u2022 Bote de 4 L<br \/>\n\u2022 Bote de 1 L<\/p>\n","protected":false},"excerpt":{"rendered":"<p>Es un producto l\u00edquido de color blanco lechoso, formulado a partir de pol\u00edmeros en emulsi\u00f3n con propiedades de adhesividad. Cumple con la norma ASTM C-1059 TIPO I Usos Como sellador de superficies que van a recibir acabados. Como aditivo adherente entre muros y aplanados de yeso o mezclas de cemento. Para fortalecer pinturas econ\u00f3micas. Ventajas&#8230;<\/p>\n","protected":false},"featured_media":3761,"template":"","meta":[],"product_cat":[53],"product_tag":[],"class_list":{"0":"post-3760","1":"product","2":"type-product","3":"status-publish","4":"has-post-thumbnail","6":"product_cat-aditivos-morteros-e-impermebilizantes","8":"first","9":"instock","10":"shipping-taxable","11":"product-type-simple"},"_links":{"self":[{"href":"https:\/\/e3media.mx\/proyectos\/todoparasuobra\/wp-json\/wp\/v2\/product\/3760","targetHints":{"allow":["GET"]}}],"collection":[{"href":"https:\/\/e3media.mx\/proyectos\/todoparasuobra\/wp-json\/wp\/v2\/product"}],"about":[{"href":"https:\/\/e3media.mx\/proyectos\/todoparasuobra\/wp-json\/wp\/v2\/types\/product"}],"version-history":[{"count":1,"href":"https:\/\/e3media.mx\/proyectos\/todoparasuobra\/wp-json\/wp\/v2\/product\/3760\/revisions"}],"predecessor-version":[{"id":3762,"href":"https:\/\/e3media.mx\/proyectos\/todoparasuobra\/wp-json\/wp\/v2\/product\/3760\/revisions\/3762"}],"wp:featuredmedia":[{"embeddable":true,"href":"https:\/\/e3media.mx\/proyectos\/todoparasuobra\/wp-json\/wp\/v2\/media\/3761"}],"wp:attachment":[{"href":"https:\/\/e3media.mx\/proyectos\/todoparasuobra\/wp-json\/wp\/v2\/media?parent=3760"}],"wp:term":[{"taxonomy":"product_cat","embeddable":true,"href":"https:\/\/e3media.mx\/proyectos\/todoparasuobra\/wp-json\/wp\/v2\/product_cat?post=3760"},{"taxonomy":"product_tag","embeddable":true,"href":"https:\/\/e3media.mx\/proyectos\/todoparasuobra\/wp-json\/wp\/v2\/product_tag?post=3760"}],"curies":[{"name":"wp","href":"https:\/\/api.w.org\/{rel}","templated":true}]}}