{"id":3754,"date":"2024-07-24T13:07:40","date_gmt":"2024-07-24T13:07:40","guid":{"rendered":"https:\/\/e3media.mx\/proyectos\/todoparasuobra\/?post_type=product&#038;p=3754"},"modified":"2024-07-24T13:09:41","modified_gmt":"2024-07-24T13:09:41","slug":"pasa-bond","status":"publish","type":"product","link":"https:\/\/e3media.mx\/proyectos\/todoparasuobra\/producto\/pasa-bond\/","title":{"rendered":"PASA Bond"},"content":{"rendered":"<p>Es una emulsi\u00f3n acuosa de pol\u00edmero sint\u00e9tico de color blanco, de alta adhesividad.<br \/>\nCUMPLE NORMA ASTM C-1059 TIPO I<\/p>\n<h3>Usos<\/h3>\n<p>Como adhesivo entre concreto viejo y nuevo, no sujeto a esfuerzo estructural.<br \/>\nComo adhesivo, para la reparaci\u00f3n y resane de elementos de concreto colocado en obra o sistemas de concreto prefabricado.<br \/>\nComo capa selladora, para superficies y elementos porosos.<br \/>\nComo primario para morteros de reparaci\u00f3n, y refuerzo de repellados.<br \/>\nPara reforzar pinturas econ\u00f3micas vin\u00edlicas.<\/p>\n<h3>Ventajas<\/h3>\n<p>\u2022 Como aditivo mejora notablemente las caracter\u00edsticas adherentes y pl\u00e1sticas de mezclas de concreto y mortero.<br \/>\n\u2022 Como adhesivo aumenta la resistencia a la compresi\u00f3n y abrasi\u00f3n.<\/p>\n<h3>Aplicaci\u00f3n<\/h3>\n<p>Adhesivo\/Sellador<br \/>\nMezcle una parte de PASA\u00ae BOND por una de agua limpia (1:1) en volumen, hasta obtener una mezcla homog\u00e9nea.<br \/>\nDeje secar el adhesivo aplicado evitando que se contamine.<br \/>\nAplique el acabado, yeso o mortero cementoso.<\/p>\n<p>Adhesivo integrado a la Mezcla<br \/>\nPara formular recubrimientos base cemento o yeso, aplanados, y lechadas, sustituya de 4 a 6 L de agua de mezcla por Bond en cada saco de 50 kg de cemento o yeso. Agregue Protecto Bond en el agua de mezcla, asegur\u00e1ndose de que el producto quede completamente incorporado a la mezcla.<\/p>\n<p>Adherente concreto viejo\/nuevo<br \/>\nSustituya de 6 a 8 L de agua de mezcla por PASA\u00ae BOND, por cada saco de 50 Kg de cemento.<br \/>\nAplique una mano uniforme de Bond diluido 2 a 1 con agua limpia.<br \/>\nDeje secar y despu\u00e9s realice el vaciado de la mezcla<br \/>\nreforzada con PASA\u00ae BOND. Una vez hecha la mezcla no agregue m\u00e1s agua.<\/p>\n<h3>Rendimiento<\/h3>\n<p>1 L rinde de 5 a 6 m2<\/p>\n<h3>Presentaci\u00f3n<\/h3>\n<p>\u2022 Tambor de 200 L<br \/>\n\u2022 Cubeta de 19 L<br \/>\n\u2022 Bote de 4 L<br \/>\n\u2022 Bote de 1 L<\/p>\n","protected":false},"excerpt":{"rendered":"<p>Es una emulsi\u00f3n acuosa de pol\u00edmero sint\u00e9tico de color blanco, de alta adhesividad. CUMPLE NORMA ASTM C-1059 TIPO I Usos Como adhesivo entre concreto viejo y nuevo, no sujeto a esfuerzo estructural. Como adhesivo, para la reparaci\u00f3n y resane de elementos de concreto colocado en obra o sistemas de concreto prefabricado. Como capa selladora, para&#8230;<\/p>\n","protected":false},"featured_media":3755,"template":"","meta":[],"product_cat":[53],"product_tag":[],"class_list":{"0":"post-3754","1":"product","2":"type-product","3":"status-publish","4":"has-post-thumbnail","6":"product_cat-aditivos-morteros-e-impermebilizantes","8":"first","9":"instock","10":"shipping-taxable","11":"product-type-simple"},"_links":{"self":[{"href":"https:\/\/e3media.mx\/proyectos\/todoparasuobra\/wp-json\/wp\/v2\/product\/3754","targetHints":{"allow":["GET"]}}],"collection":[{"href":"https:\/\/e3media.mx\/proyectos\/todoparasuobra\/wp-json\/wp\/v2\/product"}],"about":[{"href":"https:\/\/e3media.mx\/proyectos\/todoparasuobra\/wp-json\/wp\/v2\/types\/product"}],"version-history":[{"count":3,"href":"https:\/\/e3media.mx\/proyectos\/todoparasuobra\/wp-json\/wp\/v2\/product\/3754\/revisions"}],"predecessor-version":[{"id":3758,"href":"https:\/\/e3media.mx\/proyectos\/todoparasuobra\/wp-json\/wp\/v2\/product\/3754\/revisions\/3758"}],"wp:featuredmedia":[{"embeddable":true,"href":"https:\/\/e3media.mx\/proyectos\/todoparasuobra\/wp-json\/wp\/v2\/media\/3755"}],"wp:attachment":[{"href":"https:\/\/e3media.mx\/proyectos\/todoparasuobra\/wp-json\/wp\/v2\/media?parent=3754"}],"wp:term":[{"taxonomy":"product_cat","embeddable":true,"href":"https:\/\/e3media.mx\/proyectos\/todoparasuobra\/wp-json\/wp\/v2\/product_cat?post=3754"},{"taxonomy":"product_tag","embeddable":true,"href":"https:\/\/e3media.mx\/proyectos\/todoparasuobra\/wp-json\/wp\/v2\/product_tag?post=3754"}],"curies":[{"name":"wp","href":"https:\/\/api.w.org\/{rel}","templated":true}]}}