{"id":3748,"date":"2024-07-24T12:56:08","date_gmt":"2024-07-24T12:56:08","guid":{"rendered":"https:\/\/e3media.mx\/proyectos\/todoparasuobra\/?post_type=product&#038;p=3748"},"modified":"2024-07-24T12:56:08","modified_gmt":"2024-07-24T12:56:08","slug":"texrite-epoxyplus-ts","status":"publish","type":"product","link":"https:\/\/e3media.mx\/proyectos\/todoparasuobra\/producto\/texrite-epoxyplus-ts\/","title":{"rendered":"Texrite Epoxyplus Ts"},"content":{"rendered":"<p><strong>Mortero ep\u00f3xico para pegar losetas sin mancharlas.<\/strong><\/p>\n<ul>\n<li>Especialmente dise\u00f1ado para pegar m\u00e1rmol sensible a la humedad.<\/li>\n<li>Pega sobre metal y fibra de vidrio.<\/li>\n<li>F\u00e1cil aplicaci\u00f3n, s\u00f3lo requiere agua para su limpieza.<\/li>\n<\/ul>\n<p><strong>Presentaci\u00f3n:<\/strong>\u00a03.78 L<br \/>\n<strong>Color:<\/strong>\u00a0Arena<\/p>\n","protected":false},"excerpt":{"rendered":"<p>Mortero ep\u00f3xico para pegar losetas sin mancharlas. Especialmente dise\u00f1ado para pegar m\u00e1rmol sensible a la humedad. Pega sobre metal y fibra de vidrio. F\u00e1cil aplicaci\u00f3n, s\u00f3lo requiere agua para su limpieza. Presentaci\u00f3n:\u00a03.78 L Color:\u00a0Arena<\/p>\n","protected":false},"featured_media":3749,"template":"","meta":[],"product_cat":[52],"product_tag":[],"class_list":{"0":"post-3748","1":"product","2":"type-product","3":"status-publish","4":"has-post-thumbnail","6":"product_cat-adeshivos-pastas-y-estucos","8":"first","9":"instock","10":"shipping-taxable","11":"product-type-simple"},"_links":{"self":[{"href":"https:\/\/e3media.mx\/proyectos\/todoparasuobra\/wp-json\/wp\/v2\/product\/3748","targetHints":{"allow":["GET"]}}],"collection":[{"href":"https:\/\/e3media.mx\/proyectos\/todoparasuobra\/wp-json\/wp\/v2\/product"}],"about":[{"href":"https:\/\/e3media.mx\/proyectos\/todoparasuobra\/wp-json\/wp\/v2\/types\/product"}],"version-history":[{"count":1,"href":"https:\/\/e3media.mx\/proyectos\/todoparasuobra\/wp-json\/wp\/v2\/product\/3748\/revisions"}],"predecessor-version":[{"id":3750,"href":"https:\/\/e3media.mx\/proyectos\/todoparasuobra\/wp-json\/wp\/v2\/product\/3748\/revisions\/3750"}],"wp:featuredmedia":[{"embeddable":true,"href":"https:\/\/e3media.mx\/proyectos\/todoparasuobra\/wp-json\/wp\/v2\/media\/3749"}],"wp:attachment":[{"href":"https:\/\/e3media.mx\/proyectos\/todoparasuobra\/wp-json\/wp\/v2\/media?parent=3748"}],"wp:term":[{"taxonomy":"product_cat","embeddable":true,"href":"https:\/\/e3media.mx\/proyectos\/todoparasuobra\/wp-json\/wp\/v2\/product_cat?post=3748"},{"taxonomy":"product_tag","embeddable":true,"href":"https:\/\/e3media.mx\/proyectos\/todoparasuobra\/wp-json\/wp\/v2\/product_tag?post=3748"}],"curies":[{"name":"wp","href":"https:\/\/api.w.org\/{rel}","templated":true}]}}