{"id":3739,"date":"2024-07-24T12:52:49","date_gmt":"2024-07-24T12:52:49","guid":{"rendered":"https:\/\/e3media.mx\/proyectos\/todoparasuobra\/?post_type=product&#038;p=3739"},"modified":"2024-07-24T12:52:50","modified_gmt":"2024-07-24T12:52:50","slug":"pegazulejo-blanco","status":"publish","type":"product","link":"https:\/\/e3media.mx\/proyectos\/todoparasuobra\/producto\/pegazulejo-blanco\/","title":{"rendered":"Pegazulejo Blanco"},"content":{"rendered":"<p><strong>Adhesivo est\u00e1ndar para pisos y azulejos cer\u00e1micos.<\/strong><\/p>\n<ul>\n<li>Para pegar cer\u00e1mica, fachaletas y losetas de barro.<\/li>\n<li>Ideal para instalaciones en proyectos de vivienda masiva.<\/li>\n<\/ul>\n<p><strong>Presentaci\u00f3n:<\/strong>\u00a020 kg<br \/>\n<strong>Color:<\/strong>\u00a0Blanco<\/p>\n","protected":false},"excerpt":{"rendered":"<p>Adhesivo est\u00e1ndar para pisos y azulejos cer\u00e1micos. Para pegar cer\u00e1mica, fachaletas y losetas de barro. Ideal para instalaciones en proyectos de vivienda masiva. Presentaci\u00f3n:\u00a020 kg Color:\u00a0Blanco<\/p>\n","protected":false},"featured_media":3740,"template":"","meta":[],"product_cat":[52],"product_tag":[],"class_list":{"0":"post-3739","1":"product","2":"type-product","3":"status-publish","4":"has-post-thumbnail","6":"product_cat-adeshivos-pastas-y-estucos","8":"first","9":"instock","10":"shipping-taxable","11":"product-type-simple"},"_links":{"self":[{"href":"https:\/\/e3media.mx\/proyectos\/todoparasuobra\/wp-json\/wp\/v2\/product\/3739","targetHints":{"allow":["GET"]}}],"collection":[{"href":"https:\/\/e3media.mx\/proyectos\/todoparasuobra\/wp-json\/wp\/v2\/product"}],"about":[{"href":"https:\/\/e3media.mx\/proyectos\/todoparasuobra\/wp-json\/wp\/v2\/types\/product"}],"version-history":[{"count":1,"href":"https:\/\/e3media.mx\/proyectos\/todoparasuobra\/wp-json\/wp\/v2\/product\/3739\/revisions"}],"predecessor-version":[{"id":3741,"href":"https:\/\/e3media.mx\/proyectos\/todoparasuobra\/wp-json\/wp\/v2\/product\/3739\/revisions\/3741"}],"wp:featuredmedia":[{"embeddable":true,"href":"https:\/\/e3media.mx\/proyectos\/todoparasuobra\/wp-json\/wp\/v2\/media\/3740"}],"wp:attachment":[{"href":"https:\/\/e3media.mx\/proyectos\/todoparasuobra\/wp-json\/wp\/v2\/media?parent=3739"}],"wp:term":[{"taxonomy":"product_cat","embeddable":true,"href":"https:\/\/e3media.mx\/proyectos\/todoparasuobra\/wp-json\/wp\/v2\/product_cat?post=3739"},{"taxonomy":"product_tag","embeddable":true,"href":"https:\/\/e3media.mx\/proyectos\/todoparasuobra\/wp-json\/wp\/v2\/product_tag?post=3739"}],"curies":[{"name":"wp","href":"https:\/\/api.w.org\/{rel}","templated":true}]}}