{"id":3736,"date":"2024-07-24T12:51:31","date_gmt":"2024-07-24T12:51:31","guid":{"rendered":"https:\/\/e3media.mx\/proyectos\/todoparasuobra\/?post_type=product&#038;p=3736"},"modified":"2024-07-24T12:51:32","modified_gmt":"2024-07-24T12:51:32","slug":"pegazul","status":"publish","type":"product","link":"https:\/\/e3media.mx\/proyectos\/todoparasuobra\/producto\/pegazul\/","title":{"rendered":"Pegazul"},"content":{"rendered":"<p><strong>Adhesivo para piezas cer\u00e1micas.<\/strong><\/p>\n<ul>\n<li>Ideal para pegar cer\u00e1mica en interiores y exteriores.<\/li>\n<li>Pega tambi\u00e9n m\u00e1rmol en interior.<\/li>\n<li>De uso residencial y comercial.<\/li>\n<\/ul>\n<p><strong>Presentaci\u00f3n:<\/strong>\u00a020 kg<br \/>\n<strong>Color:<\/strong>\u00a0Blanco<\/p>\n","protected":false},"excerpt":{"rendered":"<p>Adhesivo para piezas cer\u00e1micas. Ideal para pegar cer\u00e1mica en interiores y exteriores. Pega tambi\u00e9n m\u00e1rmol en interior. De uso residencial y comercial. Presentaci\u00f3n:\u00a020 kg Color:\u00a0Blanco<\/p>\n","protected":false},"featured_media":3737,"template":"","meta":[],"product_cat":[52],"product_tag":[],"class_list":{"0":"post-3736","1":"product","2":"type-product","3":"status-publish","4":"has-post-thumbnail","6":"product_cat-adeshivos-pastas-y-estucos","8":"first","9":"instock","10":"shipping-taxable","11":"product-type-simple"},"_links":{"self":[{"href":"https:\/\/e3media.mx\/proyectos\/todoparasuobra\/wp-json\/wp\/v2\/product\/3736","targetHints":{"allow":["GET"]}}],"collection":[{"href":"https:\/\/e3media.mx\/proyectos\/todoparasuobra\/wp-json\/wp\/v2\/product"}],"about":[{"href":"https:\/\/e3media.mx\/proyectos\/todoparasuobra\/wp-json\/wp\/v2\/types\/product"}],"version-history":[{"count":1,"href":"https:\/\/e3media.mx\/proyectos\/todoparasuobra\/wp-json\/wp\/v2\/product\/3736\/revisions"}],"predecessor-version":[{"id":3738,"href":"https:\/\/e3media.mx\/proyectos\/todoparasuobra\/wp-json\/wp\/v2\/product\/3736\/revisions\/3738"}],"wp:featuredmedia":[{"embeddable":true,"href":"https:\/\/e3media.mx\/proyectos\/todoparasuobra\/wp-json\/wp\/v2\/media\/3737"}],"wp:attachment":[{"href":"https:\/\/e3media.mx\/proyectos\/todoparasuobra\/wp-json\/wp\/v2\/media?parent=3736"}],"wp:term":[{"taxonomy":"product_cat","embeddable":true,"href":"https:\/\/e3media.mx\/proyectos\/todoparasuobra\/wp-json\/wp\/v2\/product_cat?post=3736"},{"taxonomy":"product_tag","embeddable":true,"href":"https:\/\/e3media.mx\/proyectos\/todoparasuobra\/wp-json\/wp\/v2\/product_tag?post=3736"}],"curies":[{"name":"wp","href":"https:\/\/api.w.org\/{rel}","templated":true}]}}