{"id":3733,"date":"2024-07-24T12:50:07","date_gmt":"2024-07-24T12:50:07","guid":{"rendered":"https:\/\/e3media.mx\/proyectos\/todoparasuobra\/?post_type=product&#038;p=3733"},"modified":"2024-07-24T12:50:07","modified_gmt":"2024-07-24T12:50:07","slug":"pegamix-pisos-y-marmol","status":"publish","type":"product","link":"https:\/\/e3media.mx\/proyectos\/todoparasuobra\/producto\/pegamix-pisos-y-marmol\/","title":{"rendered":"Pegamix Pisos Y M\u00e1rmol"},"content":{"rendered":"<p><strong>Adhesivo para pegar m\u00e1rmol y cer\u00e1mica<\/strong><\/p>\n<ul>\n<li>Ideal para la instalaci\u00f3n en pisos en interiores y exteriores.<\/li>\n<li>Pega piso Cemix\u00a0corrige desniveles de hasta 15 mm.<\/li>\n<li>De uso residencial y comercial.<\/li>\n<\/ul>\n<p><strong>Presentaci\u00f3n:<\/strong>\u00a020 kg<br \/>\n<strong>Color:<\/strong>\u00a0Blanco y Gris<\/p>\n<h3><strong>Usos recomendados de Pegamix Pisos y M\u00e1rmol<\/strong><\/h3>\n<ul>\n<li aria-level=\"1\">Para pegar revestimientos de alta y media absorci\u00f3n de agua como loseta de cer\u00e1mica, marmol, fachaletas y loseta de barro.<\/li>\n<li aria-level=\"1\">Uso interior y\/o exterior en pisos y muros, en \u00e1reas residenciales y comerciales con todo tipo de tr\u00e1fico.<\/li>\n<li aria-level=\"1\">Pega piso Cemix\u00a0es ideal para pisos nuevos en \u00e1reas comerciales de tr\u00e1nsito peatonal ligero-mediano.<\/li>\n<\/ul>\n<h3>Ventajas del Pega piso Cemix<\/h3>\n<ul>\n<li aria-level=\"1\">Contiene aditivos qu\u00edmicos especiales para facilitar la instalaci\u00f3n de loseta cer\u00e1mica y de m\u00e1rmol.<\/li>\n<li aria-level=\"1\">Consistencia cremosa de f\u00e1cil aplicaci\u00f3n en espesor de cama media hasta 12 mm.<\/li>\n<li aria-level=\"1\">Pegamix Pisos y M\u00e1rmol\u00a0es\u00a0ideal para proyectos de viviendas nuevas individuales o en serie.<\/li>\n<\/ul>\n<h3>Preparaci\u00f3n de la superficie para Pegamix Pisos y M\u00e1rmol<\/h3>\n<ul>\n<li aria-level=\"1\">Toda superficie debe estar limpia, seca, nivelada y plana, no se debe usar el adhesivo para nivelar.<\/li>\n<li aria-level=\"1\">El sustrato debe ser estable y s\u00f3Iido, libre de contaminantes como polvo, aceites, grasas, pinturas, ceras, selladores, desmoldantes, membranas de curado, o cualquier otra substancia que pueda interferir con la adherencia.<\/li>\n<li aria-level=\"1\">El no retirar estos contaminantes de la superficie anula la garant\u00eda del\u00a0Pega piso Cemix.<\/li>\n<li aria-level=\"1\">La temperatura ambiente y de la superficie deber\u00e1n estar entre 6\u00b0C y las 34\u00b0C durante la instalaci\u00f3n y las 24 horas siguientes. De lo contrario, se deber\u00e1 acondicionar el \u00e1rea de trabajo para no afectar el desempe\u00f1o del producto.<\/li>\n<\/ul>\n<p>M\u00e1s informaci\u00f3n sobre el procedimiento de instalaci\u00f3n y limitaciones de\u00a0Pegamix Pisos y M\u00e1rmol\u00a0en la Ficha T\u00e9cnica.<\/p>\n","protected":false},"excerpt":{"rendered":"<p>Adhesivo para pegar m\u00e1rmol y cer\u00e1mica Ideal para la instalaci\u00f3n en pisos en interiores y exteriores. Pega piso Cemix\u00a0corrige desniveles de hasta 15 mm. De uso residencial y comercial. Presentaci\u00f3n:\u00a020 kg Color:\u00a0Blanco y Gris Usos recomendados de Pegamix Pisos y M\u00e1rmol Para pegar revestimientos de alta y media absorci\u00f3n de agua como loseta de cer\u00e1mica,&#8230;<\/p>\n","protected":false},"featured_media":3734,"template":"","meta":[],"product_cat":[52],"product_tag":[],"class_list":{"0":"post-3733","1":"product","2":"type-product","3":"status-publish","4":"has-post-thumbnail","6":"product_cat-adeshivos-pastas-y-estucos","8":"first","9":"instock","10":"shipping-taxable","11":"product-type-simple"},"_links":{"self":[{"href":"https:\/\/e3media.mx\/proyectos\/todoparasuobra\/wp-json\/wp\/v2\/product\/3733","targetHints":{"allow":["GET"]}}],"collection":[{"href":"https:\/\/e3media.mx\/proyectos\/todoparasuobra\/wp-json\/wp\/v2\/product"}],"about":[{"href":"https:\/\/e3media.mx\/proyectos\/todoparasuobra\/wp-json\/wp\/v2\/types\/product"}],"version-history":[{"count":1,"href":"https:\/\/e3media.mx\/proyectos\/todoparasuobra\/wp-json\/wp\/v2\/product\/3733\/revisions"}],"predecessor-version":[{"id":3735,"href":"https:\/\/e3media.mx\/proyectos\/todoparasuobra\/wp-json\/wp\/v2\/product\/3733\/revisions\/3735"}],"wp:featuredmedia":[{"embeddable":true,"href":"https:\/\/e3media.mx\/proyectos\/todoparasuobra\/wp-json\/wp\/v2\/media\/3734"}],"wp:attachment":[{"href":"https:\/\/e3media.mx\/proyectos\/todoparasuobra\/wp-json\/wp\/v2\/media?parent=3733"}],"wp:term":[{"taxonomy":"product_cat","embeddable":true,"href":"https:\/\/e3media.mx\/proyectos\/todoparasuobra\/wp-json\/wp\/v2\/product_cat?post=3733"},{"taxonomy":"product_tag","embeddable":true,"href":"https:\/\/e3media.mx\/proyectos\/todoparasuobra\/wp-json\/wp\/v2\/product_tag?post=3733"}],"curies":[{"name":"wp","href":"https:\/\/api.w.org\/{rel}","templated":true}]}}