{"id":3727,"date":"2024-07-24T12:46:56","date_gmt":"2024-07-24T12:46:56","guid":{"rendered":"https:\/\/e3media.mx\/proyectos\/todoparasuobra\/?post_type=product&#038;p=3727"},"modified":"2024-07-24T12:46:56","modified_gmt":"2024-07-24T12:46:56","slug":"mortar","status":"publish","type":"product","link":"https:\/\/e3media.mx\/proyectos\/todoparasuobra\/producto\/mortar\/","title":{"rendered":"Mortar"},"content":{"rendered":"<p><strong>Adhesivo para pisos y azulejos cer\u00e1micos.<\/strong><\/p>\n<ul>\n<li>Adherencia superior en la instalaci\u00f3n de pisos cer\u00e1micos y losetas de m\u00e1rmol.<\/li>\n<li>De uso residencial y comercial.<\/li>\n<\/ul>\n<p><strong>Presentaci\u00f3n:<\/strong>\u00a020 kg<br \/>\n<strong>Color:<\/strong>\u00a0Blanco<\/p>\n","protected":false},"excerpt":{"rendered":"<p>Adhesivo para pisos y azulejos cer\u00e1micos. Adherencia superior en la instalaci\u00f3n de pisos cer\u00e1micos y losetas de m\u00e1rmol. De uso residencial y comercial. Presentaci\u00f3n:\u00a020 kg Color:\u00a0Blanco<\/p>\n","protected":false},"featured_media":3728,"template":"","meta":[],"product_cat":[52],"product_tag":[],"class_list":{"0":"post-3727","1":"product","2":"type-product","3":"status-publish","4":"has-post-thumbnail","6":"product_cat-adeshivos-pastas-y-estucos","8":"first","9":"instock","10":"shipping-taxable","11":"product-type-simple"},"_links":{"self":[{"href":"https:\/\/e3media.mx\/proyectos\/todoparasuobra\/wp-json\/wp\/v2\/product\/3727","targetHints":{"allow":["GET"]}}],"collection":[{"href":"https:\/\/e3media.mx\/proyectos\/todoparasuobra\/wp-json\/wp\/v2\/product"}],"about":[{"href":"https:\/\/e3media.mx\/proyectos\/todoparasuobra\/wp-json\/wp\/v2\/types\/product"}],"version-history":[{"count":1,"href":"https:\/\/e3media.mx\/proyectos\/todoparasuobra\/wp-json\/wp\/v2\/product\/3727\/revisions"}],"predecessor-version":[{"id":3729,"href":"https:\/\/e3media.mx\/proyectos\/todoparasuobra\/wp-json\/wp\/v2\/product\/3727\/revisions\/3729"}],"wp:featuredmedia":[{"embeddable":true,"href":"https:\/\/e3media.mx\/proyectos\/todoparasuobra\/wp-json\/wp\/v2\/media\/3728"}],"wp:attachment":[{"href":"https:\/\/e3media.mx\/proyectos\/todoparasuobra\/wp-json\/wp\/v2\/media?parent=3727"}],"wp:term":[{"taxonomy":"product_cat","embeddable":true,"href":"https:\/\/e3media.mx\/proyectos\/todoparasuobra\/wp-json\/wp\/v2\/product_cat?post=3727"},{"taxonomy":"product_tag","embeddable":true,"href":"https:\/\/e3media.mx\/proyectos\/todoparasuobra\/wp-json\/wp\/v2\/product_tag?post=3727"}],"curies":[{"name":"wp","href":"https:\/\/api.w.org\/{rel}","templated":true}]}}