{"id":3723,"date":"2024-07-24T12:45:17","date_gmt":"2024-07-24T12:45:17","guid":{"rendered":"https:\/\/e3media.mx\/proyectos\/todoparasuobra\/?post_type=product&#038;p=3723"},"modified":"2024-07-24T12:45:17","modified_gmt":"2024-07-24T12:45:17","slug":"adhesivo-universal-pegazulejo-cemix","status":"publish","type":"product","link":"https:\/\/e3media.mx\/proyectos\/todoparasuobra\/producto\/adhesivo-universal-pegazulejo-cemix\/","title":{"rendered":"Adhesivo Universal Pegazulejo Cemix"},"content":{"rendered":"<p><strong>Adhesivo reforzado multiusos<\/strong><\/p>\n<ul>\n<li>Adhesivo universal multiusos ideal para pegar: cer\u00e1mica, porcelanato, granito, m\u00e1rmol, cantera y piedra laja.<\/li>\n<li>Excelente para uso residencial.<\/li>\n<\/ul>\n<p><strong>Presentaci\u00f3n:<\/strong>\u00a020 kg<br \/>\n<strong>Color:<\/strong>\u00a0Blanco<\/p>\n<h3>Usos recomendados del Adhesivo Universal<\/h3>\n<ul>\n<li aria-level=\"1\">Para pegar revestimientos de alta, media, baja o nula absorci\u00f3n de agua coma porcelanatos, loseta cer\u00e1mica, granito, m\u00e1rmol, cantera.<\/li>\n<li aria-level=\"1\">Uso interior y\/o exterior en pisos y muros, en \u00e1reas residenciales y comerciales con todo tipo de tr\u00e1fico.<\/li>\n<li aria-level=\"1\">Para instalaciones que requieren adherencia especial como piso nuevo sobre piso existente en interiores.<\/li>\n<li aria-level=\"1\">Para pisos nuevos en \u00e1reas comerciales\u00a0 de tr\u00e1nsito peatonal intenso.<\/li>\n<\/ul>\n<h3>Ventajas del Pegazulejo Cemix<\/h3>\n<ul>\n<li aria-level=\"1\">El\u00a0Adhesivo Universal\u00a0es un producto altamente pr\u00e1ctico para pegar gran variedad de recubrimientos, evitando tener que comprar varios tipos de materiales adhesivos para una misma obra.<\/li>\n<li aria-level=\"1\">Permite instalar piso nuevo sobre piso cer\u00e1mico existente en ambientes interiores residenciales o comerciales de uso ligero.<\/li>\n<li aria-level=\"1\">Sin necesidad de remover pisos ni picar la superficie ahorrando tiempo, dinero y molestias ocasionadas por demoliciones.<\/li>\n<\/ul>\n<h3>Preparaci\u00f3n de la superficie para el Adhesivo Universal Pegazulejo Cemix<\/h3>\n<ul>\n<li aria-level=\"1\">Toda superficie debe estar limpia, seca, nivelada y plana, no se debe usar el Adhesivo Universal\u00a0para nivelar.<\/li>\n<li aria-level=\"1\">El sustrato debe ser estable y s\u00f3lido, libre de contaminantes como polvo, aceites, grasas, pinturas, ceras, selladores, desmoldantes, membranas de curado, o cualquier otra substancia que pueda interferir con la adherencia.<\/li>\n<li aria-level=\"1\">El no retirar estos contaminantes de la superficie anula la garant\u00eda del producto.<\/li>\n<li aria-level=\"1\">La temperatura ambiente y de la superficie deber\u00e1n estar entre los 8\u00b0C y los 34\u00b0C durante la instalaci\u00f3n del\u00a0Pegazulejo Cemix\u00a0y las 24 horas siguientes. De lo contrario, se deber\u00e1 acondicionar el \u00e1rea de trabajo para no afectar el desempe\u00f1o de este\u00a0adhesivo universal.<\/li>\n<\/ul>\n<p>M\u00e1s informaci\u00f3n sobre el procedimiento de instalaci\u00f3n y requerimientos del\u00a0Pegazulejo Cemix\u00a0en la Ficha T\u00e9cnica.<\/p>\n","protected":false},"excerpt":{"rendered":"<p>Adhesivo reforzado multiusos Adhesivo universal multiusos ideal para pegar: cer\u00e1mica, porcelanato, granito, m\u00e1rmol, cantera y piedra laja. Excelente para uso residencial. Presentaci\u00f3n:\u00a020 kg Color:\u00a0Blanco Usos recomendados del Adhesivo Universal Para pegar revestimientos de alta, media, baja o nula absorci\u00f3n de agua coma porcelanatos, loseta cer\u00e1mica, granito, m\u00e1rmol, cantera. Uso interior y\/o exterior en pisos y&#8230;<\/p>\n","protected":false},"featured_media":3724,"template":"","meta":[],"product_cat":[52],"product_tag":[],"class_list":{"0":"post-3723","1":"product","2":"type-product","3":"status-publish","4":"has-post-thumbnail","6":"product_cat-adeshivos-pastas-y-estucos","8":"first","9":"instock","10":"shipping-taxable","11":"product-type-simple"},"_links":{"self":[{"href":"https:\/\/e3media.mx\/proyectos\/todoparasuobra\/wp-json\/wp\/v2\/product\/3723","targetHints":{"allow":["GET"]}}],"collection":[{"href":"https:\/\/e3media.mx\/proyectos\/todoparasuobra\/wp-json\/wp\/v2\/product"}],"about":[{"href":"https:\/\/e3media.mx\/proyectos\/todoparasuobra\/wp-json\/wp\/v2\/types\/product"}],"version-history":[{"count":1,"href":"https:\/\/e3media.mx\/proyectos\/todoparasuobra\/wp-json\/wp\/v2\/product\/3723\/revisions"}],"predecessor-version":[{"id":3725,"href":"https:\/\/e3media.mx\/proyectos\/todoparasuobra\/wp-json\/wp\/v2\/product\/3723\/revisions\/3725"}],"wp:featuredmedia":[{"embeddable":true,"href":"https:\/\/e3media.mx\/proyectos\/todoparasuobra\/wp-json\/wp\/v2\/media\/3724"}],"wp:attachment":[{"href":"https:\/\/e3media.mx\/proyectos\/todoparasuobra\/wp-json\/wp\/v2\/media?parent=3723"}],"wp:term":[{"taxonomy":"product_cat","embeddable":true,"href":"https:\/\/e3media.mx\/proyectos\/todoparasuobra\/wp-json\/wp\/v2\/product_cat?post=3723"},{"taxonomy":"product_tag","embeddable":true,"href":"https:\/\/e3media.mx\/proyectos\/todoparasuobra\/wp-json\/wp\/v2\/product_tag?post=3723"}],"curies":[{"name":"wp","href":"https:\/\/api.w.org\/{rel}","templated":true}]}}