{"id":3720,"date":"2024-07-24T12:43:56","date_gmt":"2024-07-24T12:43:56","guid":{"rendered":"https:\/\/e3media.mx\/proyectos\/todoparasuobra\/?post_type=product&#038;p=3720"},"modified":"2024-07-24T12:43:56","modified_gmt":"2024-07-24T12:43:56","slug":"adhesivo-porcelanato-gris","status":"publish","type":"product","link":"https:\/\/e3media.mx\/proyectos\/todoparasuobra\/producto\/adhesivo-porcelanato-gris\/","title":{"rendered":"Adhesivo Porcelanato Gris"},"content":{"rendered":"<p><strong>Adhesivo reforzado para porcelanato.<\/strong><\/p>\n<ul>\n<li>Alta adherencia en porcelanato, granito, m\u00e1rmol, piedra natural, losetas cer\u00e1micas, vidrio y cantera.<\/li>\n<li>Ideal para instalaci\u00f3n de pisos nuevos en \u00e1reas comerciales con tr\u00e1fico intenso.<\/li>\n<\/ul>\n<p><strong>Presentaci\u00f3n:<\/strong>\u00a020 kg<br \/>\n<strong>Color:<\/strong>\u00a0Gris<\/p>\n<h3>Usos recomendados del Adhesivo porcelanato<\/h3>\n<ul>\n<li>Para pegar revestimientos como Porcelanatos, losetas de cer\u00e1mica, granito, cantera y piedra cultivada.<\/li>\n<li>Uso interior y\/o exterior en pisos y muros, en \u00e1reas residenciales y comerciales con todo tipo de tr\u00e1fico.<\/li>\n<li>Para pisos nuevos en \u00e1reas comerciales de tr\u00e1nsito peatonal intenso.<\/li>\n<\/ul>\n<h3>Ventajas del porcel\u00e1nico gris Cemix<\/h3>\n<ul>\n<li aria-level=\"1\">Producto altamente pr\u00e1ctico para pegar gran variedad de recubrimientos, evitando tener que comprar varios tipos de materiales adhesivos para una misma obra.<\/li>\n<li aria-level=\"1\">Consistencia suave y cremosa para una f\u00e1cil aplicaci\u00f3n.<\/li>\n<li aria-level=\"1\">Nuestro\u00a0adhesivo porcelanato\u00a0permite instalar porcelanatos, granitos, canteras, en ambientes residenciales o comerciales.<\/li>\n<\/ul>\n<h3>Preparaci\u00f3n de la superficie para la instalaci\u00f3n del Adhesivo porcelanato de Cemix<\/h3>\n<ul>\n<li aria-level=\"1\">Toda superficie debe estar limpia, seca, nivelada y plana.<\/li>\n<li aria-level=\"1\">No se debe usar el adhesivo para nivelar.<\/li>\n<li aria-level=\"1\">El sustrato debe ser estable y s\u00f3lido, libre de contaminantes como polvo, aceite, grasas, pinturas, ceras, selladores, desmoldantes, membranas de curado o cualquier otra sustancia que pueda interferir con la adherencia.<\/li>\n<li aria-level=\"1\">El no retirar estos contaminantes de la superficie anula la garant\u00eda del\u00a0producto.<\/li>\n<li aria-level=\"1\">La temperatura ambiente y de la superficie deber\u00e1n estar entre los 8\u00baC y los 34\u00baC durante la instalaci\u00f3n y las 24 horas siguientes.<\/li>\n<li aria-level=\"1\">De lo contrario, se deber\u00e1 acondicionar el \u00e1rea de trabajo para no afectar el desempe\u00f1o del\u00a0porcel\u00e1nico gris Cemix.<\/li>\n<\/ul>\n<p>M\u00e1s informaci\u00f3n sobre el procedimiento de instalaci\u00f3n y rendimientos de\u00a0Adhesivo porcelanato\u00a0en la Ficha T\u00e9cnica.<\/p>\n","protected":false},"excerpt":{"rendered":"<p>Adhesivo reforzado para porcelanato. Alta adherencia en porcelanato, granito, m\u00e1rmol, piedra natural, losetas cer\u00e1micas, vidrio y cantera. Ideal para instalaci\u00f3n de pisos nuevos en \u00e1reas comerciales con tr\u00e1fico intenso. Presentaci\u00f3n:\u00a020 kg Color:\u00a0Gris Usos recomendados del Adhesivo porcelanato Para pegar revestimientos como Porcelanatos, losetas de cer\u00e1mica, granito, cantera y piedra cultivada. Uso interior y\/o exterior en&#8230;<\/p>\n","protected":false},"featured_media":3721,"template":"","meta":[],"product_cat":[52],"product_tag":[],"class_list":{"0":"post-3720","1":"product","2":"type-product","3":"status-publish","4":"has-post-thumbnail","6":"product_cat-adeshivos-pastas-y-estucos","8":"first","9":"instock","10":"shipping-taxable","11":"product-type-simple"},"_links":{"self":[{"href":"https:\/\/e3media.mx\/proyectos\/todoparasuobra\/wp-json\/wp\/v2\/product\/3720","targetHints":{"allow":["GET"]}}],"collection":[{"href":"https:\/\/e3media.mx\/proyectos\/todoparasuobra\/wp-json\/wp\/v2\/product"}],"about":[{"href":"https:\/\/e3media.mx\/proyectos\/todoparasuobra\/wp-json\/wp\/v2\/types\/product"}],"version-history":[{"count":1,"href":"https:\/\/e3media.mx\/proyectos\/todoparasuobra\/wp-json\/wp\/v2\/product\/3720\/revisions"}],"predecessor-version":[{"id":3722,"href":"https:\/\/e3media.mx\/proyectos\/todoparasuobra\/wp-json\/wp\/v2\/product\/3720\/revisions\/3722"}],"wp:featuredmedia":[{"embeddable":true,"href":"https:\/\/e3media.mx\/proyectos\/todoparasuobra\/wp-json\/wp\/v2\/media\/3721"}],"wp:attachment":[{"href":"https:\/\/e3media.mx\/proyectos\/todoparasuobra\/wp-json\/wp\/v2\/media?parent=3720"}],"wp:term":[{"taxonomy":"product_cat","embeddable":true,"href":"https:\/\/e3media.mx\/proyectos\/todoparasuobra\/wp-json\/wp\/v2\/product_cat?post=3720"},{"taxonomy":"product_tag","embeddable":true,"href":"https:\/\/e3media.mx\/proyectos\/todoparasuobra\/wp-json\/wp\/v2\/product_tag?post=3720"}],"curies":[{"name":"wp","href":"https:\/\/api.w.org\/{rel}","templated":true}]}}