{"id":3717,"date":"2024-07-24T12:42:16","date_gmt":"2024-07-24T12:42:16","guid":{"rendered":"https:\/\/e3media.mx\/proyectos\/todoparasuobra\/?post_type=product&#038;p=3717"},"modified":"2024-07-24T12:42:16","modified_gmt":"2024-07-24T12:42:16","slug":"pega-veneciano","status":"publish","type":"product","link":"https:\/\/e3media.mx\/proyectos\/todoparasuobra\/producto\/pega-veneciano\/","title":{"rendered":"Pega Veneciano"},"content":{"rendered":"<p><strong>Pega y emboquilla veneciano en albercas y fuentes<\/strong><\/p>\n<ul>\n<li>Ideal para pegar cualquier loseta de vidrio o veneciano.<\/li>\n<li>El \u00fanico adhesivo que pega y emboquilla a la vez.<\/li>\n<li>Adherencia superior en la instalaci\u00f3n de albercas, piscinas, jacuzzis, fuentes, etc.<\/li>\n<\/ul>\n<p><strong>Presentaci\u00f3n:<\/strong>\u00a010 kg<br \/>\n<strong>Color:<\/strong>\u00a0Azul<\/p>\n<h3>Usos recomendados de Pega Veneciano<\/h3>\n<ul>\n<li aria-level=\"1\">Ideal para pegar\u00a0alberca con veneciano blanco.<\/li>\n<li aria-level=\"1\">Para pegar mosaico de vidrio tipo veneciano o cualquier loseta de vidrio.<\/li>\n<li aria-level=\"1\">Pega Veneciano\u00a0puede usarse para pegar mosaicos de vidrio decorativos en muros interiores o exteriores.<\/li>\n<li aria-level=\"1\">Para pegar mosaico de vidrio en interiores de albercas, piscinas, fuentes, previo a llenarlas de agua.<\/li>\n<\/ul>\n<h3>Ventajas del adhesivo para alberca con veneciano blanco<\/h3>\n<ul>\n<li aria-level=\"1\">No necesita agregarle aditivos, se mezcla solo con agua limpia.<\/li>\n<li aria-level=\"1\">Funciona simult\u00e1neamente como adhesivo y boquilla para el mosaico de vidrio.<\/li>\n<li aria-level=\"1\">Nuestro adhesivo\u00a0Pega Veneciano\u00a0soporta la presi\u00f3n hidrost\u00e1tica continua o intermitente.<\/li>\n<\/ul>\n<h3>Preparaci\u00f3n de la superficie para Pega Veneciano<\/h3>\n<ul>\n<li aria-level=\"1\">Toda superficie debe estar limpia, seca, nivelada y plana. No se debe usar el adhesivo para nivelar.<\/li>\n<li aria-level=\"1\">El sustrato debe ser estable y s\u00f3lido, libre de contaminantes como polvo, aceites, grasas, pinturas, ceras, selladores, desmoldantes, membranas de curado, o cualquier otra substancia que pueda interferir con la adherencia.<\/li>\n<li aria-level=\"1\">El no retirar estos contaminantes de la superficie anula la garant\u00eda del producto.<\/li>\n<li aria-level=\"1\">La temperatura ambiente y de la superficie deber\u00e1n estar entre los 8\u00b0C y los 34\u00b0C durante la instalaci\u00f3n y las 24 horas siguientes, de lo contrario, se deber\u00e1 acondicionar el \u00e1rea de trabajo para no afectar el desempe\u00f1o del adhesivo Pega Veneciano.<\/li>\n<\/ul>\n<p>M\u00e1s informaci\u00f3n sobre el procedimiento de instalaci\u00f3n y rendimientos del adhesivo para\u00a0alberca con veneciano blanco\u00a0en la Ficha T\u00e9cnica.<\/p>\n","protected":false},"excerpt":{"rendered":"<p>Pega y emboquilla veneciano en albercas y fuentes Ideal para pegar cualquier loseta de vidrio o veneciano. El \u00fanico adhesivo que pega y emboquilla a la vez. Adherencia superior en la instalaci\u00f3n de albercas, piscinas, jacuzzis, fuentes, etc. Presentaci\u00f3n:\u00a010 kg Color:\u00a0Azul Usos recomendados de Pega Veneciano Ideal para pegar\u00a0alberca con veneciano blanco. Para pegar mosaico&#8230;<\/p>\n","protected":false},"featured_media":3718,"template":"","meta":[],"product_cat":[52],"product_tag":[],"class_list":{"0":"post-3717","1":"product","2":"type-product","3":"status-publish","4":"has-post-thumbnail","6":"product_cat-adeshivos-pastas-y-estucos","8":"first","9":"instock","10":"shipping-taxable","11":"product-type-simple"},"_links":{"self":[{"href":"https:\/\/e3media.mx\/proyectos\/todoparasuobra\/wp-json\/wp\/v2\/product\/3717","targetHints":{"allow":["GET"]}}],"collection":[{"href":"https:\/\/e3media.mx\/proyectos\/todoparasuobra\/wp-json\/wp\/v2\/product"}],"about":[{"href":"https:\/\/e3media.mx\/proyectos\/todoparasuobra\/wp-json\/wp\/v2\/types\/product"}],"version-history":[{"count":1,"href":"https:\/\/e3media.mx\/proyectos\/todoparasuobra\/wp-json\/wp\/v2\/product\/3717\/revisions"}],"predecessor-version":[{"id":3719,"href":"https:\/\/e3media.mx\/proyectos\/todoparasuobra\/wp-json\/wp\/v2\/product\/3717\/revisions\/3719"}],"wp:featuredmedia":[{"embeddable":true,"href":"https:\/\/e3media.mx\/proyectos\/todoparasuobra\/wp-json\/wp\/v2\/media\/3718"}],"wp:attachment":[{"href":"https:\/\/e3media.mx\/proyectos\/todoparasuobra\/wp-json\/wp\/v2\/media?parent=3717"}],"wp:term":[{"taxonomy":"product_cat","embeddable":true,"href":"https:\/\/e3media.mx\/proyectos\/todoparasuobra\/wp-json\/wp\/v2\/product_cat?post=3717"},{"taxonomy":"product_tag","embeddable":true,"href":"https:\/\/e3media.mx\/proyectos\/todoparasuobra\/wp-json\/wp\/v2\/product_tag?post=3717"}],"curies":[{"name":"wp","href":"https:\/\/api.w.org\/{rel}","templated":true}]}}