{"id":3708,"date":"2024-07-24T12:36:36","date_gmt":"2024-07-24T12:36:36","guid":{"rendered":"https:\/\/e3media.mx\/proyectos\/todoparasuobra\/?post_type=product&#038;p=3708"},"modified":"2024-07-24T12:36:36","modified_gmt":"2024-07-24T12:36:36","slug":"360-smartflex","status":"publish","type":"product","link":"https:\/\/e3media.mx\/proyectos\/todoparasuobra\/producto\/360-smartflex\/","title":{"rendered":"360 Smartflex"},"content":{"rendered":"<p><strong>Adhesivo flexible ideal para piezas EXTRA GRANDES<\/strong><\/p>\n<ul>\n<li>El adhesivo ideal para pegar piezas y paneles de hasta 3 metros, sin hundirse o deslizarse.<\/li>\n<li>El \u00fanico con tecnolog\u00eda\u00a0<em>Gel-Tech<\/em>\u00a0que lo hace muy f\u00e1cil de aplicar.<\/li>\n<li>Tiempo abierto insuperable que facilita la instalaci\u00f3n.<\/li>\n<\/ul>\n<p><strong>Presentaci\u00f3n:<\/strong>\u00a020 kg<br \/>\n<strong>Color:<\/strong>\u00a0Blanco<\/p>\n","protected":false},"excerpt":{"rendered":"<p>Adhesivo flexible ideal para piezas EXTRA GRANDES El adhesivo ideal para pegar piezas y paneles de hasta 3 metros, sin hundirse o deslizarse. El \u00fanico con tecnolog\u00eda\u00a0Gel-Tech\u00a0que lo hace muy f\u00e1cil de aplicar. Tiempo abierto insuperable que facilita la instalaci\u00f3n. Presentaci\u00f3n:\u00a020 kg Color:\u00a0Blanco<\/p>\n","protected":false},"featured_media":3709,"template":"","meta":[],"product_cat":[52],"product_tag":[],"class_list":{"0":"post-3708","1":"product","2":"type-product","3":"status-publish","4":"has-post-thumbnail","6":"product_cat-adeshivos-pastas-y-estucos","8":"first","9":"instock","10":"shipping-taxable","11":"product-type-simple"},"_links":{"self":[{"href":"https:\/\/e3media.mx\/proyectos\/todoparasuobra\/wp-json\/wp\/v2\/product\/3708","targetHints":{"allow":["GET"]}}],"collection":[{"href":"https:\/\/e3media.mx\/proyectos\/todoparasuobra\/wp-json\/wp\/v2\/product"}],"about":[{"href":"https:\/\/e3media.mx\/proyectos\/todoparasuobra\/wp-json\/wp\/v2\/types\/product"}],"version-history":[{"count":1,"href":"https:\/\/e3media.mx\/proyectos\/todoparasuobra\/wp-json\/wp\/v2\/product\/3708\/revisions"}],"predecessor-version":[{"id":3710,"href":"https:\/\/e3media.mx\/proyectos\/todoparasuobra\/wp-json\/wp\/v2\/product\/3708\/revisions\/3710"}],"wp:featuredmedia":[{"embeddable":true,"href":"https:\/\/e3media.mx\/proyectos\/todoparasuobra\/wp-json\/wp\/v2\/media\/3709"}],"wp:attachment":[{"href":"https:\/\/e3media.mx\/proyectos\/todoparasuobra\/wp-json\/wp\/v2\/media?parent=3708"}],"wp:term":[{"taxonomy":"product_cat","embeddable":true,"href":"https:\/\/e3media.mx\/proyectos\/todoparasuobra\/wp-json\/wp\/v2\/product_cat?post=3708"},{"taxonomy":"product_tag","embeddable":true,"href":"https:\/\/e3media.mx\/proyectos\/todoparasuobra\/wp-json\/wp\/v2\/product_tag?post=3708"}],"curies":[{"name":"wp","href":"https:\/\/api.w.org\/{rel}","templated":true}]}}