{"id":3702,"date":"2024-07-24T12:32:44","date_gmt":"2024-07-24T12:32:44","guid":{"rendered":"https:\/\/e3media.mx\/proyectos\/todoparasuobra\/?post_type=product&#038;p=3702"},"modified":"2024-07-24T12:32:44","modified_gmt":"2024-07-24T12:32:44","slug":"amu-pegamento-multiusos","status":"publish","type":"product","link":"https:\/\/e3media.mx\/proyectos\/todoparasuobra\/producto\/amu-pegamento-multiusos\/","title":{"rendered":"Amu Pegamento Multiusos"},"content":{"rendered":"<p><strong>El mejor desempe\u00f1o para instalaciones complicadas y\/o dif\u00edciles\u00a0<\/strong><\/p>\n<ul>\n<li>M\u00e1xima adherencia en fachadas, exteriores, \u00e1reas h\u00famedas como albercas, piscinas, fuentes.<\/li>\n<li>Especial para instalar piso sobre piso en interiores y exteriores<\/li>\n<li>Resistente a cambios bruscos de temperatura.<\/li>\n<li>Gran capacidad para instalaciones verticales.<\/li>\n<\/ul>\n<p><strong>Presentaci\u00f3n:<\/strong>\u00a020 kg<br \/>\n<strong>Color:<\/strong>\u00a0Blanco<\/p>\n<h3>Usos recomendados de AMU<\/h3>\n<ul>\n<li aria-level=\"1\">Pegamento multiusos\u00a0con nueva f\u00f3rmula m\u00e1s cremosa, instalaci\u00f3n m\u00e1s f\u00e1cil y r\u00e1pida.<\/li>\n<li aria-level=\"1\">Para pegar revestimientos de alta, media, baja y nula absorci\u00f3n de agua como porcelanatos, loseta cer\u00e1mica, granito, m\u00e1rmol, cantera o mosaico de vidrio.<\/li>\n<li aria-level=\"1\">Uso interior y\/o exterior en pisos y muros, en \u00e1reas residenciales y comerciales con todo tipo de tr\u00e1fico.<\/li>\n<li aria-level=\"1\">Para instalaciones que requieren adherencia especial como piso nuevo sobre piso existente.<\/li>\n<li aria-level=\"1\">Para pegar mosaico de vidrio en interiores de albercas, piscinas, fuentes, previo a llenarlas de agua.<\/li>\n<\/ul>\n<h3>Ventajas del Pegamento Multiusos AMU<\/h3>\n<ul>\n<li aria-level=\"1\">AMU\u00a0es un producto altamente resistente a los movimientos provocados por variaciones de temperatura en todo tipo de aplicaciones, gracias a su flexibilidad.<\/li>\n<li aria-level=\"1\">Permite instalar piso nuevo sobre piso cer\u00e1mico existente en ambientes residenciales o comerciales.<\/li>\n<li aria-level=\"1\">Sin necesidad de remover pisos ni picar la superficie, ahorrando tiempo, dinero y molestias ocasionadas por demoliciones.<\/li>\n<\/ul>\n<h3>Preparaci\u00f3n de la superficie para el AMU pegamento multiusos<\/h3>\n<ul>\n<li aria-level=\"1\">Toda superficie debe estar limpia, seca, nivelada y plana, no se debe usar este adhesivo para nivelar.<\/li>\n<li aria-level=\"1\">El sustrato debe ser estable y s\u00f3lido, libre de contaminantes como polvo, aceites, grasas, pinturas, ceras, selladores, desmoldantes, membranas de curado, o cualquier otra substancia que pueda interferir con la adherencia.<\/li>\n<li aria-level=\"1\">El no retirar estos contaminantes de la superficie anula la garant\u00eda del producto.<\/li>\n<li aria-level=\"1\">La temperatura ambiente y de la superficie deber\u00e1n estar entre los 8\u00b0C y los 34\u00b0C durante la instalaci\u00f3n y las 24 horas siguientes. De lo contrario, se deber\u00e1 acondicionar el \u00e1rea de trabajo para no afectar el desempe\u00f1o de este\u00a0pegamento multiusos.<\/li>\n<\/ul>\n<p>M\u00e1s informaci\u00f3n sobre el procedimiento de instalaci\u00f3n, en trabajos de piso sobre piso y requerimientos de\u00a0AMU\u00a0en la Ficha T\u00e9cnica.<\/p>\n","protected":false},"excerpt":{"rendered":"<p>El mejor desempe\u00f1o para instalaciones complicadas y\/o dif\u00edciles\u00a0 M\u00e1xima adherencia en fachadas, exteriores, \u00e1reas h\u00famedas como albercas, piscinas, fuentes. Especial para instalar piso sobre piso en interiores y exteriores Resistente a cambios bruscos de temperatura. Gran capacidad para instalaciones verticales. Presentaci\u00f3n:\u00a020 kg Color:\u00a0Blanco Usos recomendados de AMU Pegamento multiusos\u00a0con nueva f\u00f3rmula m\u00e1s cremosa, instalaci\u00f3n m\u00e1s&#8230;<\/p>\n","protected":false},"featured_media":3703,"template":"","meta":[],"product_cat":[52],"product_tag":[],"class_list":{"0":"post-3702","1":"product","2":"type-product","3":"status-publish","4":"has-post-thumbnail","6":"product_cat-adeshivos-pastas-y-estucos","8":"first","9":"instock","10":"shipping-taxable","11":"product-type-simple"},"_links":{"self":[{"href":"https:\/\/e3media.mx\/proyectos\/todoparasuobra\/wp-json\/wp\/v2\/product\/3702","targetHints":{"allow":["GET"]}}],"collection":[{"href":"https:\/\/e3media.mx\/proyectos\/todoparasuobra\/wp-json\/wp\/v2\/product"}],"about":[{"href":"https:\/\/e3media.mx\/proyectos\/todoparasuobra\/wp-json\/wp\/v2\/types\/product"}],"version-history":[{"count":1,"href":"https:\/\/e3media.mx\/proyectos\/todoparasuobra\/wp-json\/wp\/v2\/product\/3702\/revisions"}],"predecessor-version":[{"id":3704,"href":"https:\/\/e3media.mx\/proyectos\/todoparasuobra\/wp-json\/wp\/v2\/product\/3702\/revisions\/3704"}],"wp:featuredmedia":[{"embeddable":true,"href":"https:\/\/e3media.mx\/proyectos\/todoparasuobra\/wp-json\/wp\/v2\/media\/3703"}],"wp:attachment":[{"href":"https:\/\/e3media.mx\/proyectos\/todoparasuobra\/wp-json\/wp\/v2\/media?parent=3702"}],"wp:term":[{"taxonomy":"product_cat","embeddable":true,"href":"https:\/\/e3media.mx\/proyectos\/todoparasuobra\/wp-json\/wp\/v2\/product_cat?post=3702"},{"taxonomy":"product_tag","embeddable":true,"href":"https:\/\/e3media.mx\/proyectos\/todoparasuobra\/wp-json\/wp\/v2\/product_tag?post=3702"}],"curies":[{"name":"wp","href":"https:\/\/api.w.org\/{rel}","templated":true}]}}