{"id":3696,"date":"2024-07-24T12:26:10","date_gmt":"2024-07-24T12:26:10","guid":{"rendered":"https:\/\/e3media.mx\/proyectos\/todoparasuobra\/?post_type=product&#038;p=3696"},"modified":"2024-07-24T12:28:12","modified_gmt":"2024-07-24T12:28:12","slug":"adhesivo-ceramico-blanco","status":"publish","type":"product","link":"https:\/\/e3media.mx\/proyectos\/todoparasuobra\/producto\/adhesivo-ceramico-blanco\/","title":{"rendered":"Adhesivo Cer\u00e1mico Blanco"},"content":{"rendered":"<p><strong>Perfecto para pegar gres y cer\u00e1mica.<\/strong><\/p>\n<ul>\n<li>Contiene aditivos antideslizantes que lo hacen perfecto para la instalaci\u00f3n en muros.<\/li>\n<li>Pega cer\u00e1mico\u00a0y m\u00e1rmol.<\/li>\n<li>Mejor nivelaci\u00f3n de piezas en instalaci\u00f3n de pisos.<\/li>\n<\/ul>\n<p><strong>Presentaci\u00f3n:<\/strong>\u00a020 kg<br \/>\n<strong>Color:<\/strong>\u00a0Blanco<\/p>\n<h3>Usos recomendados del adhesivo cer\u00e1mico blanco<\/h3>\n<ul>\n<li aria-level=\"1\">Nueva f\u00f3rmula m\u00e1s cremosa.<\/li>\n<li aria-level=\"1\">Pega cer\u00e1mico\u00a0con instalaci\u00f3n m\u00e1s f\u00e1cil y r\u00e1pida.<\/li>\n<li aria-level=\"1\">Para pegar revestimientos de alta, media, y baja absorci\u00f3n de agua como loseta de cer\u00e1mica, m\u00e1rmol, fachaletas, o loseta de barro.<\/li>\n<li aria-level=\"1\">Uso interior y\/o exterior en pisos y muros, en \u00e1reas residenciales y comerciales con todo tipo de tr\u00e1fico.<\/li>\n<li aria-level=\"1\">Para pisos nuevos en \u00e1reas comerciales peatonales.<\/li>\n<\/ul>\n<h3>Ventajas del Pega cer\u00e1mico blanco<\/h3>\n<ul>\n<li aria-level=\"1\">Nuestro\u00a0adhesivo cer\u00e1mico\u00a0contiene aditivos qu\u00edmicos especiales para facilitar la instalaci\u00f3n de loseta cer\u00e1mica bien alineada en muros, y bien nivelada en pisos.<\/li>\n<li aria-level=\"1\">Consistencia cremosa de f\u00e1cil aplicaci\u00f3n.<\/li>\n<li aria-level=\"1\">Tiene un tiempo abierto extendido para asegurar la adecuada transferencia de adhesivo fresco hacia el recubrimiento logrando un mejor desempe\u00f1o.<\/li>\n<\/ul>\n<h3>Preparaci\u00f3n de la superficie para el Adhesivo cer\u00e1mico<\/h3>\n<ul>\n<li>Toda superficie debe estar limpia, seca, nivelada y plana. No se debe usar el\u00a0adhesivo cer\u00e1mico\u00a0para nivelar.<\/li>\n<li aria-level=\"1\">El sustrato debe ser estable y s\u00f3lido, libre de contaminantes como polvo, aceites, grasas, pinturas, ceras, selladores, desmoldantes, membranas de curado, o cualquier otra substancia que pueda interferir con la adherencia.<\/li>\n<li aria-level=\"1\">El no retirar estos contaminantes de la superficie anula la garant\u00eda del\u00a0pega cer\u00e1mico.<\/li>\n<li aria-level=\"1\">La temperatura ambiente y de la superficie deber\u00e1n estar entre los 8\u00b0C y los 34\u00b0C durante la instalaci\u00f3n y las 24 horas siguientes. De lo contrario, se deber\u00e1 acondicionar el \u00e1rea de trabajo para no afectar el desempe\u00f1o del producto.<\/li>\n<\/ul>\n<p>M\u00e1s informaci\u00f3n sobre el procedimiento de instalaci\u00f3n y requerimientos adicionales del\u00a0adhesivo cer\u00e1mico\u00a0blanco en la Ficha T\u00e9cnica.<\/p>\n","protected":false},"excerpt":{"rendered":"<p>Perfecto para pegar gres y cer\u00e1mica. Contiene aditivos antideslizantes que lo hacen perfecto para la instalaci\u00f3n en muros. Pega cer\u00e1mico\u00a0y m\u00e1rmol. Mejor nivelaci\u00f3n de piezas en instalaci\u00f3n de pisos. Presentaci\u00f3n:\u00a020 kg Color:\u00a0Blanco Usos recomendados del adhesivo cer\u00e1mico blanco Nueva f\u00f3rmula m\u00e1s cremosa. Pega cer\u00e1mico\u00a0con instalaci\u00f3n m\u00e1s f\u00e1cil y r\u00e1pida. Para pegar revestimientos de alta, media,&#8230;<\/p>\n","protected":false},"featured_media":3697,"template":"","meta":[],"product_cat":[52],"product_tag":[],"class_list":{"0":"post-3696","1":"product","2":"type-product","3":"status-publish","4":"has-post-thumbnail","6":"product_cat-adeshivos-pastas-y-estucos","8":"first","9":"instock","10":"shipping-taxable","11":"product-type-simple"},"_links":{"self":[{"href":"https:\/\/e3media.mx\/proyectos\/todoparasuobra\/wp-json\/wp\/v2\/product\/3696","targetHints":{"allow":["GET"]}}],"collection":[{"href":"https:\/\/e3media.mx\/proyectos\/todoparasuobra\/wp-json\/wp\/v2\/product"}],"about":[{"href":"https:\/\/e3media.mx\/proyectos\/todoparasuobra\/wp-json\/wp\/v2\/types\/product"}],"version-history":[{"count":2,"href":"https:\/\/e3media.mx\/proyectos\/todoparasuobra\/wp-json\/wp\/v2\/product\/3696\/revisions"}],"predecessor-version":[{"id":3699,"href":"https:\/\/e3media.mx\/proyectos\/todoparasuobra\/wp-json\/wp\/v2\/product\/3696\/revisions\/3699"}],"wp:featuredmedia":[{"embeddable":true,"href":"https:\/\/e3media.mx\/proyectos\/todoparasuobra\/wp-json\/wp\/v2\/media\/3697"}],"wp:attachment":[{"href":"https:\/\/e3media.mx\/proyectos\/todoparasuobra\/wp-json\/wp\/v2\/media?parent=3696"}],"wp:term":[{"taxonomy":"product_cat","embeddable":true,"href":"https:\/\/e3media.mx\/proyectos\/todoparasuobra\/wp-json\/wp\/v2\/product_cat?post=3696"},{"taxonomy":"product_tag","embeddable":true,"href":"https:\/\/e3media.mx\/proyectos\/todoparasuobra\/wp-json\/wp\/v2\/product_tag?post=3696"}],"curies":[{"name":"wp","href":"https:\/\/api.w.org\/{rel}","templated":true}]}}